{"id":97,"date":"2015-01-30T14:26:31","date_gmt":"2015-01-30T12:26:31","guid":{"rendered":"http:\/\/huittmp.piiri.net\/pages\/?page_id=97"},"modified":"2018-10-28T18:49:08","modified_gmt":"2018-10-28T15:49:08","slug":"jasenhakemus","status":"publish","type":"page","link":"https:\/\/www.huittmp.com\/sivut\/kerhoesittely\/jasenhakemus\/","title":{"rendered":"J\u00e4senhakemuslomake"},"content":{"rendered":"<p>Voit hakea Huittisten Moottoripy\u00f6r\u00e4ilij\u00e4t ry:n j\u00e4senyytt\u00e4 alla olevalla lomakkeella.<\/p>\n\n<div class=\"wpcf7 no-js\" id=\"wpcf7-f3021-o1\" lang=\"fi\" dir=\"ltr\">\n<div class=\"screen-reader-response\"><p role=\"status\" aria-live=\"polite\" aria-atomic=\"true\"><\/p> <ul><\/ul><\/div>\n<form action=\"\/sivut\/wp-json\/wp\/v2\/pages\/97#wpcf7-f3021-o1\" method=\"post\" class=\"wpcf7-form init\" aria-label=\"Yhteydenottolomake\" novalidate=\"novalidate\" data-status=\"init\">\n<div style=\"display: none;\">\n<input type=\"hidden\" name=\"_wpcf7\" value=\"3021\" \/>\n<input type=\"hidden\" name=\"_wpcf7_version\" value=\"5.8.7\" \/>\n<input type=\"hidden\" name=\"_wpcf7_locale\" value=\"fi\" \/>\n<input type=\"hidden\" name=\"_wpcf7_unit_tag\" value=\"wpcf7-f3021-o1\" \/>\n<input type=\"hidden\" name=\"_wpcf7_container_post\" value=\"0\" \/>\n<input type=\"hidden\" name=\"_wpcf7_posted_data_hash\" value=\"\" \/>\n<\/div>\n<p><label> Etunimi (pakollinen)<br \/>\n<span class=\"wpcf7-form-control-wrap\" data-name=\"ETUNIMI\"><input size=\"40\" class=\"wpcf7-form-control wpcf7-text wpcf7-validates-as-required\" aria-required=\"true\" aria-invalid=\"false\" value=\"\" type=\"text\" name=\"ETUNIMI\" \/><\/span> <\/label>\n<\/p>\n<p><label> Sukunimi (pakollinen)<br \/>\n<span class=\"wpcf7-form-control-wrap\" data-name=\"SUKUNIMI\"><input size=\"40\" class=\"wpcf7-form-control wpcf7-text wpcf7-validates-as-required\" aria-required=\"true\" aria-invalid=\"false\" value=\"\" type=\"text\" name=\"SUKUNIMI\" \/><\/span> <\/label>\n<\/p>\n<p><label> Syntym\u00e4vuosi (pakollinen)<br \/>\n<span class=\"wpcf7-form-control-wrap\" data-name=\"SYNTYMAVUOSI\"><input size=\"40\" class=\"wpcf7-form-control wpcf7-text wpcf7-validates-as-required\" aria-required=\"true\" aria-invalid=\"false\" value=\"\" type=\"text\" name=\"SYNTYMAVUOSI\" \/><\/span> <\/label>\n<\/p>\n<p><label> S\u00e4hk\u00f6posti (pakollinen)<br \/>\n<span class=\"wpcf7-form-control-wrap\" data-name=\"SAHKOPOSTI\"><input size=\"40\" class=\"wpcf7-form-control wpcf7-email wpcf7-validates-as-required wpcf7-text wpcf7-validates-as-email\" aria-required=\"true\" aria-invalid=\"false\" value=\"\" type=\"email\" name=\"SAHKOPOSTI\" \/><\/span> <\/label>\n<\/p>\n<p><label> L\u00e4hiosoite (pakollinen)<br \/>\n<span class=\"wpcf7-form-control-wrap\" data-name=\"LAHIOSOITE\"><input size=\"40\" class=\"wpcf7-form-control wpcf7-text wpcf7-validates-as-required\" aria-required=\"true\" aria-invalid=\"false\" value=\"\" type=\"text\" name=\"LAHIOSOITE\" \/><\/span> <\/label>\n<\/p>\n<p><label> Postinumero ja -osoite (pakollinen)<br \/>\n<span class=\"wpcf7-form-control-wrap\" data-name=\"POSTIOSOITE\"><input size=\"40\" class=\"wpcf7-form-control wpcf7-text wpcf7-validates-as-required\" aria-required=\"true\" aria-invalid=\"false\" value=\"\" type=\"text\" name=\"POSTIOSOITE\" \/><\/span> <\/label>\n<\/p>\n<p><label> Puhelin<br \/>\n<span class=\"wpcf7-form-control-wrap\" data-name=\"PUHELIN\"><input size=\"40\" class=\"wpcf7-form-control wpcf7-text\" aria-invalid=\"false\" value=\"\" type=\"text\" name=\"PUHELIN\" \/><\/span> <\/label>\n<\/p>\n<p><label> Suosittelija<br \/>\n<span class=\"wpcf7-form-control-wrap\" data-name=\"SUOSITTELIJA\"><input size=\"40\" class=\"wpcf7-form-control wpcf7-text\" aria-invalid=\"false\" value=\"\" type=\"text\" name=\"SUOSITTELIJA\" \/><\/span> <\/label>\n<\/p>\n<p><input class=\"wpcf7-form-control wpcf7-submit has-spinner\" type=\"submit\" value=\"L\u00e4het\u00e4\" \/>\n<\/p><div class=\"wpcf7-response-output\" aria-hidden=\"true\"><\/div>\n<\/form>\n<\/div>\n\n","protected":false},"excerpt":{"rendered":"<p>Voit hakea Huittisten Moottoripy\u00f6r\u00e4ilij\u00e4t ry:n j\u00e4senyytt\u00e4 alla olevalla lomakkeella.<\/p>\n","protected":false},"author":1,"featured_media":0,"parent":5,"menu_order":2,"comment_status":"closed","ping_status":"closed","template":"","meta":{"footnotes":""},"yoast_head":"<!-- This site is optimized with the Yoast SEO plugin v21.9.1 - https:\/\/yoast.com\/wordpress\/plugins\/seo\/ -->\n<title>J\u00e4senhakemuslomake - HUITTISTEN MOOTTORIPY\u00d6R\u00c4ILIJ\u00c4T RY.<\/title>\n<meta name=\"robots\" content=\"index, follow, max-snippet:-1, max-image-preview:large, max-video-preview:-1\" \/>\n<link rel=\"canonical\" href=\"https:\/\/www.huittmp.com\/sivut\/kerhoesittely\/jasenhakemus\/\" \/>\n<meta property=\"og:locale\" content=\"fi_FI\" \/>\n<meta property=\"og:type\" content=\"article\" \/>\n<meta property=\"og:title\" content=\"J\u00e4senhakemuslomake - HUITTISTEN MOOTTORIPY\u00d6R\u00c4ILIJ\u00c4T RY.\" \/>\n<meta property=\"og:description\" content=\"Voit hakea Huittisten Moottoripy\u00f6r\u00e4ilij\u00e4t ry:n j\u00e4senyytt\u00e4 alla olevalla lomakkeella.\" \/>\n<meta property=\"og:url\" content=\"https:\/\/www.huittmp.com\/sivut\/kerhoesittely\/jasenhakemus\/\" \/>\n<meta property=\"og:site_name\" content=\"HUITTISTEN MOOTTORIPY\u00d6R\u00c4ILIJ\u00c4T RY.\" \/>\n<meta property=\"article:modified_time\" content=\"2018-10-28T15:49:08+00:00\" \/>\n<meta property=\"og:image\" content=\"https:\/\/www.huittmp.com\/sivut\/wp-content\/uploads\/2017\/03\/slite8.jpg\" \/>\n\t<meta property=\"og:image:width\" content=\"1018\" \/>\n\t<meta property=\"og:image:height\" content=\"480\" \/>\n\t<meta property=\"og:image:type\" content=\"image\/jpeg\" \/>\n<meta name=\"twitter:card\" content=\"summary_large_image\" \/>\n<script type=\"application\/ld+json\" class=\"yoast-schema-graph\">{\"@context\":\"https:\/\/schema.org\",\"@graph\":[{\"@type\":\"WebPage\",\"@id\":\"https:\/\/www.huittmp.com\/sivut\/kerhoesittely\/jasenhakemus\/\",\"url\":\"https:\/\/www.huittmp.com\/sivut\/kerhoesittely\/jasenhakemus\/\",\"name\":\"J\u00e4senhakemuslomake - HUITTISTEN MOOTTORIPY\u00d6R\u00c4ILIJ\u00c4T RY.\",\"isPartOf\":{\"@id\":\"https:\/\/www.huittmp.com\/sivut\/#website\"},\"datePublished\":\"2015-01-30T12:26:31+00:00\",\"dateModified\":\"2018-10-28T15:49:08+00:00\",\"breadcrumb\":{\"@id\":\"https:\/\/www.huittmp.com\/sivut\/kerhoesittely\/jasenhakemus\/#breadcrumb\"},\"inLanguage\":\"fi\",\"potentialAction\":[{\"@type\":\"ReadAction\",\"target\":[\"https:\/\/www.huittmp.com\/sivut\/kerhoesittely\/jasenhakemus\/\"]}]},{\"@type\":\"BreadcrumbList\",\"@id\":\"https:\/\/www.huittmp.com\/sivut\/kerhoesittely\/jasenhakemus\/#breadcrumb\",\"itemListElement\":[{\"@type\":\"ListItem\",\"position\":1,\"name\":\"Home\",\"item\":\"https:\/\/www.huittmp.com\/sivut\/\"},{\"@type\":\"ListItem\",\"position\":2,\"name\":\"Kerhoesittely\",\"item\":\"https:\/\/www.huittmp.com\/sivut\/kerhoesittely\/\"},{\"@type\":\"ListItem\",\"position\":3,\"name\":\"J\u00e4senhakemuslomake\"}]},{\"@type\":\"WebSite\",\"@id\":\"https:\/\/www.huittmp.com\/sivut\/#website\",\"url\":\"https:\/\/www.huittmp.com\/sivut\/\",\"name\":\"HUITTISTEN MOOTTORIPY\u00d6R\u00c4ILIJ\u00c4T RY.\",\"description\":\"Moottoripy\u00f6r\u00e4ily\u00e4 vuodesta 1979\",\"potentialAction\":[{\"@type\":\"SearchAction\",\"target\":{\"@type\":\"EntryPoint\",\"urlTemplate\":\"https:\/\/www.huittmp.com\/sivut\/?s={search_term_string}\"},\"query-input\":\"required name=search_term_string\"}],\"inLanguage\":\"fi\"}]}<\/script>\n<!-- \/ Yoast SEO plugin. -->","yoast_head_json":{"title":"J\u00e4senhakemuslomake - HUITTISTEN MOOTTORIPY\u00d6R\u00c4ILIJ\u00c4T RY.","robots":{"index":"index","follow":"follow","max-snippet":"max-snippet:-1","max-image-preview":"max-image-preview:large","max-video-preview":"max-video-preview:-1"},"canonical":"https:\/\/www.huittmp.com\/sivut\/kerhoesittely\/jasenhakemus\/","og_locale":"fi_FI","og_type":"article","og_title":"J\u00e4senhakemuslomake - HUITTISTEN MOOTTORIPY\u00d6R\u00c4ILIJ\u00c4T RY.","og_description":"Voit hakea Huittisten Moottoripy\u00f6r\u00e4ilij\u00e4t ry:n j\u00e4senyytt\u00e4 alla olevalla lomakkeella.","og_url":"https:\/\/www.huittmp.com\/sivut\/kerhoesittely\/jasenhakemus\/","og_site_name":"HUITTISTEN MOOTTORIPY\u00d6R\u00c4ILIJ\u00c4T RY.","article_modified_time":"2018-10-28T15:49:08+00:00","og_image":[{"width":1018,"height":480,"url":"https:\/\/www.huittmp.com\/sivut\/wp-content\/uploads\/2017\/03\/slite8.jpg","type":"image\/jpeg"}],"twitter_card":"summary_large_image","schema":{"@context":"https:\/\/schema.org","@graph":[{"@type":"WebPage","@id":"https:\/\/www.huittmp.com\/sivut\/kerhoesittely\/jasenhakemus\/","url":"https:\/\/www.huittmp.com\/sivut\/kerhoesittely\/jasenhakemus\/","name":"J\u00e4senhakemuslomake - HUITTISTEN MOOTTORIPY\u00d6R\u00c4ILIJ\u00c4T RY.","isPartOf":{"@id":"https:\/\/www.huittmp.com\/sivut\/#website"},"datePublished":"2015-01-30T12:26:31+00:00","dateModified":"2018-10-28T15:49:08+00:00","breadcrumb":{"@id":"https:\/\/www.huittmp.com\/sivut\/kerhoesittely\/jasenhakemus\/#breadcrumb"},"inLanguage":"fi","potentialAction":[{"@type":"ReadAction","target":["https:\/\/www.huittmp.com\/sivut\/kerhoesittely\/jasenhakemus\/"]}]},{"@type":"BreadcrumbList","@id":"https:\/\/www.huittmp.com\/sivut\/kerhoesittely\/jasenhakemus\/#breadcrumb","itemListElement":[{"@type":"ListItem","position":1,"name":"Home","item":"https:\/\/www.huittmp.com\/sivut\/"},{"@type":"ListItem","position":2,"name":"Kerhoesittely","item":"https:\/\/www.huittmp.com\/sivut\/kerhoesittely\/"},{"@type":"ListItem","position":3,"name":"J\u00e4senhakemuslomake"}]},{"@type":"WebSite","@id":"https:\/\/www.huittmp.com\/sivut\/#website","url":"https:\/\/www.huittmp.com\/sivut\/","name":"HUITTISTEN MOOTTORIPY\u00d6R\u00c4ILIJ\u00c4T RY.","description":"Moottoripy\u00f6r\u00e4ily\u00e4 vuodesta 1979","potentialAction":[{"@type":"SearchAction","target":{"@type":"EntryPoint","urlTemplate":"https:\/\/www.huittmp.com\/sivut\/?s={search_term_string}"},"query-input":"required name=search_term_string"}],"inLanguage":"fi"}]}},"_links":{"self":[{"href":"https:\/\/www.huittmp.com\/sivut\/wp-json\/wp\/v2\/pages\/97"}],"collection":[{"href":"https:\/\/www.huittmp.com\/sivut\/wp-json\/wp\/v2\/pages"}],"about":[{"href":"https:\/\/www.huittmp.com\/sivut\/wp-json\/wp\/v2\/types\/page"}],"author":[{"embeddable":true,"href":"https:\/\/www.huittmp.com\/sivut\/wp-json\/wp\/v2\/users\/1"}],"replies":[{"embeddable":true,"href":"https:\/\/www.huittmp.com\/sivut\/wp-json\/wp\/v2\/comments?post=97"}],"version-history":[{"count":7,"href":"https:\/\/www.huittmp.com\/sivut\/wp-json\/wp\/v2\/pages\/97\/revisions"}],"predecessor-version":[{"id":3022,"href":"https:\/\/www.huittmp.com\/sivut\/wp-json\/wp\/v2\/pages\/97\/revisions\/3022"}],"up":[{"embeddable":true,"href":"https:\/\/www.huittmp.com\/sivut\/wp-json\/wp\/v2\/pages\/5"}],"wp:attachment":[{"href":"https:\/\/www.huittmp.com\/sivut\/wp-json\/wp\/v2\/media?parent=97"}],"curies":[{"name":"wp","href":"https:\/\/api.w.org\/{rel}","templated":true}]}}