{"id":95,"date":"2015-01-30T14:21:59","date_gmt":"2015-01-30T12:21:59","guid":{"rendered":"http:\/\/huittmp.piiri.net\/pages\/?page_id=95"},"modified":"2024-02-21T15:27:21","modified_gmt":"2024-02-21T12:27:21","slug":"yhdistyksen-hallitus","status":"publish","type":"page","link":"https:\/\/www.huittmp.com\/sivut\/kerhoesittely\/yhdistyksen-hallitus\/","title":{"rendered":"Yhdistyksen toimihenkil\u00f6t"},"content":{"rendered":"<p>Yhdistyksen toimihenkil\u00f6t\u00a0vuodelle 2018:<\/p>\n<p>&nbsp;<\/p>\n<table>\n<tbody>\n<tr>\n<th>Teht\u00e4v\u00e4<\/th>\n<th>Nimi<\/th>\n<th>Yhteystiedot<\/th>\n<\/tr>\n<tr>\n<td>Puheenjohtaja<\/td>\n<td>Juha Vainio<\/td>\n<td>pj (\u00e4t) huittmp.com<br \/>\npuh.\u00a0040 557 4737<\/td>\n<\/tr>\n<tr>\n<td>Tiedotusvastaava<\/p>\n<p>J\u00e4senrekisteri<\/td>\n<td>Kari<\/td>\n<td>tiedotus (\u00e4t) huittmp.com<\/td>\n<\/tr>\n<tr>\n<td>Sihteeri<\/td>\n<td>Tiina<\/td>\n<td>sihteeri (\u00e4t) huittmp.com<\/td>\n<\/tr>\n<tr>\n<td>Korjaamop\u00e4\u00e4llikk\u00f6<\/p>\n<p>Varapuheenjohtaja<\/td>\n<td>Jani<\/td>\n<td>korjaamo (\u00e4t) huittmp.com<br \/>\npuh. 0400 151 992<br \/>\nMy\u00f6s rengaskonety\u00f6t.<\/td>\n<\/tr>\n<tr>\n<td>Rahastonhoitaja<\/td>\n<td>Mari<\/td>\n<td>rahastonhoitaja (\u00e4t) huittmp.com<\/td>\n<\/tr>\n<tr>\n<td>Kerhois\u00e4nt\u00e4<\/td>\n<td>Pekka<\/td>\n<td>kerhoisanta (\u00e4t) huittmp.com<br \/>\nMy\u00f6s rengaskonety\u00f6t.<\/td>\n<\/tr>\n<\/tbody>\n<\/table>\n<p>L\u00e4hett\u00e4ess\u00e4si s\u00e4hk\u00f6postia korvaa (\u00e4t) -&gt; @-merkill\u00e4.<\/p>\n","protected":false},"excerpt":{"rendered":"<p>Yhdistyksen toimihenkil\u00f6t\u00a0vuodelle 2018: &nbsp; Teht\u00e4v\u00e4 Nimi Yhteystiedot Puheenjohtaja Juha Vainio pj (\u00e4t) huittmp.com puh.\u00a0040 557 4737 Tiedotusvastaava J\u00e4senrekisteri Kari tiedotus (\u00e4t) huittmp.com Sihteeri Tiina sihteeri (\u00e4t) huittmp.com Korjaamop\u00e4\u00e4llikk\u00f6 Varapuheenjohtaja Jani&hellip; <a class=\"read-more\" href=\"https:\/\/www.huittmp.com\/sivut\/kerhoesittely\/yhdistyksen-hallitus\/\" title=\"Yhdistyksen toimihenkil\u00f6t\"><i class=\"fa fa-arrow-right\"><\/i><\/a><\/p>\n","protected":false},"author":1,"featured_media":0,"parent":5,"menu_order":4,"comment_status":"closed","ping_status":"closed","template":"","meta":{"footnotes":""},"yoast_head":"<!-- This site is optimized with the Yoast SEO plugin v21.9.1 - https:\/\/yoast.com\/wordpress\/plugins\/seo\/ -->\n<title>Yhdistyksen toimihenkil\u00f6t - HUITTISTEN MOOTTORIPY\u00d6R\u00c4ILIJ\u00c4T RY.<\/title>\n<meta name=\"robots\" content=\"index, follow, max-snippet:-1, max-image-preview:large, max-video-preview:-1\" \/>\n<link rel=\"canonical\" href=\"https:\/\/www.huittmp.com\/sivut\/kerhoesittely\/yhdistyksen-hallitus\/\" \/>\n<meta property=\"og:locale\" content=\"fi_FI\" \/>\n<meta property=\"og:type\" content=\"article\" \/>\n<meta property=\"og:title\" content=\"Yhdistyksen toimihenkil\u00f6t - HUITTISTEN MOOTTORIPY\u00d6R\u00c4ILIJ\u00c4T RY.\" \/>\n<meta property=\"og:description\" content=\"Yhdistyksen toimihenkil\u00f6t\u00a0vuodelle 2018: &nbsp; Teht\u00e4v\u00e4 Nimi Yhteystiedot Puheenjohtaja Juha Vainio pj (\u00e4t) huittmp.com puh.\u00a0040 557 4737 Tiedotusvastaava J\u00e4senrekisteri Kari tiedotus (\u00e4t) huittmp.com Sihteeri Tiina sihteeri (\u00e4t) huittmp.com Korjaamop\u00e4\u00e4llikk\u00f6 Varapuheenjohtaja Jani&hellip;\" \/>\n<meta property=\"og:url\" content=\"https:\/\/www.huittmp.com\/sivut\/kerhoesittely\/yhdistyksen-hallitus\/\" \/>\n<meta property=\"og:site_name\" content=\"HUITTISTEN MOOTTORIPY\u00d6R\u00c4ILIJ\u00c4T RY.\" \/>\n<meta property=\"article:modified_time\" content=\"2024-02-21T12:27:21+00:00\" \/>\n<meta property=\"og:image\" content=\"https:\/\/www.huittmp.com\/sivut\/wp-content\/uploads\/2017\/03\/slite8.jpg\" \/>\n\t<meta property=\"og:image:width\" content=\"1018\" \/>\n\t<meta property=\"og:image:height\" content=\"480\" \/>\n\t<meta property=\"og:image:type\" content=\"image\/jpeg\" \/>\n<meta name=\"twitter:card\" content=\"summary_large_image\" \/>\n<meta name=\"twitter:label1\" content=\"Arvioitu lukuaika\" \/>\n\t<meta name=\"twitter:data1\" content=\"1 minuutti\" \/>\n<script type=\"application\/ld+json\" class=\"yoast-schema-graph\">{\"@context\":\"https:\/\/schema.org\",\"@graph\":[{\"@type\":\"WebPage\",\"@id\":\"https:\/\/www.huittmp.com\/sivut\/kerhoesittely\/yhdistyksen-hallitus\/\",\"url\":\"https:\/\/www.huittmp.com\/sivut\/kerhoesittely\/yhdistyksen-hallitus\/\",\"name\":\"Yhdistyksen toimihenkil\u00f6t - HUITTISTEN MOOTTORIPY\u00d6R\u00c4ILIJ\u00c4T RY.\",\"isPartOf\":{\"@id\":\"https:\/\/www.huittmp.com\/sivut\/#website\"},\"datePublished\":\"2015-01-30T12:21:59+00:00\",\"dateModified\":\"2024-02-21T12:27:21+00:00\",\"breadcrumb\":{\"@id\":\"https:\/\/www.huittmp.com\/sivut\/kerhoesittely\/yhdistyksen-hallitus\/#breadcrumb\"},\"inLanguage\":\"fi\",\"potentialAction\":[{\"@type\":\"ReadAction\",\"target\":[\"https:\/\/www.huittmp.com\/sivut\/kerhoesittely\/yhdistyksen-hallitus\/\"]}]},{\"@type\":\"BreadcrumbList\",\"@id\":\"https:\/\/www.huittmp.com\/sivut\/kerhoesittely\/yhdistyksen-hallitus\/#breadcrumb\",\"itemListElement\":[{\"@type\":\"ListItem\",\"position\":1,\"name\":\"Home\",\"item\":\"https:\/\/www.huittmp.com\/sivut\/\"},{\"@type\":\"ListItem\",\"position\":2,\"name\":\"Kerhoesittely\",\"item\":\"https:\/\/www.huittmp.com\/sivut\/kerhoesittely\/\"},{\"@type\":\"ListItem\",\"position\":3,\"name\":\"Yhdistyksen toimihenkil\u00f6t\"}]},{\"@type\":\"WebSite\",\"@id\":\"https:\/\/www.huittmp.com\/sivut\/#website\",\"url\":\"https:\/\/www.huittmp.com\/sivut\/\",\"name\":\"HUITTISTEN MOOTTORIPY\u00d6R\u00c4ILIJ\u00c4T RY.\",\"description\":\"Moottoripy\u00f6r\u00e4ily\u00e4 vuodesta 1979\",\"potentialAction\":[{\"@type\":\"SearchAction\",\"target\":{\"@type\":\"EntryPoint\",\"urlTemplate\":\"https:\/\/www.huittmp.com\/sivut\/?s={search_term_string}\"},\"query-input\":\"required name=search_term_string\"}],\"inLanguage\":\"fi\"}]}<\/script>\n<!-- \/ Yoast SEO plugin. -->","yoast_head_json":{"title":"Yhdistyksen toimihenkil\u00f6t - HUITTISTEN MOOTTORIPY\u00d6R\u00c4ILIJ\u00c4T RY.","robots":{"index":"index","follow":"follow","max-snippet":"max-snippet:-1","max-image-preview":"max-image-preview:large","max-video-preview":"max-video-preview:-1"},"canonical":"https:\/\/www.huittmp.com\/sivut\/kerhoesittely\/yhdistyksen-hallitus\/","og_locale":"fi_FI","og_type":"article","og_title":"Yhdistyksen toimihenkil\u00f6t - HUITTISTEN MOOTTORIPY\u00d6R\u00c4ILIJ\u00c4T RY.","og_description":"Yhdistyksen toimihenkil\u00f6t\u00a0vuodelle 2018: &nbsp; Teht\u00e4v\u00e4 Nimi Yhteystiedot Puheenjohtaja Juha Vainio pj (\u00e4t) huittmp.com puh.\u00a0040 557 4737 Tiedotusvastaava J\u00e4senrekisteri Kari tiedotus (\u00e4t) huittmp.com Sihteeri Tiina sihteeri (\u00e4t) huittmp.com Korjaamop\u00e4\u00e4llikk\u00f6 Varapuheenjohtaja Jani&hellip;","og_url":"https:\/\/www.huittmp.com\/sivut\/kerhoesittely\/yhdistyksen-hallitus\/","og_site_name":"HUITTISTEN MOOTTORIPY\u00d6R\u00c4ILIJ\u00c4T RY.","article_modified_time":"2024-02-21T12:27:21+00:00","og_image":[{"width":1018,"height":480,"url":"https:\/\/www.huittmp.com\/sivut\/wp-content\/uploads\/2017\/03\/slite8.jpg","type":"image\/jpeg"}],"twitter_card":"summary_large_image","twitter_misc":{"Arvioitu lukuaika":"1 minuutti"},"schema":{"@context":"https:\/\/schema.org","@graph":[{"@type":"WebPage","@id":"https:\/\/www.huittmp.com\/sivut\/kerhoesittely\/yhdistyksen-hallitus\/","url":"https:\/\/www.huittmp.com\/sivut\/kerhoesittely\/yhdistyksen-hallitus\/","name":"Yhdistyksen toimihenkil\u00f6t - HUITTISTEN MOOTTORIPY\u00d6R\u00c4ILIJ\u00c4T RY.","isPartOf":{"@id":"https:\/\/www.huittmp.com\/sivut\/#website"},"datePublished":"2015-01-30T12:21:59+00:00","dateModified":"2024-02-21T12:27:21+00:00","breadcrumb":{"@id":"https:\/\/www.huittmp.com\/sivut\/kerhoesittely\/yhdistyksen-hallitus\/#breadcrumb"},"inLanguage":"fi","potentialAction":[{"@type":"ReadAction","target":["https:\/\/www.huittmp.com\/sivut\/kerhoesittely\/yhdistyksen-hallitus\/"]}]},{"@type":"BreadcrumbList","@id":"https:\/\/www.huittmp.com\/sivut\/kerhoesittely\/yhdistyksen-hallitus\/#breadcrumb","itemListElement":[{"@type":"ListItem","position":1,"name":"Home","item":"https:\/\/www.huittmp.com\/sivut\/"},{"@type":"ListItem","position":2,"name":"Kerhoesittely","item":"https:\/\/www.huittmp.com\/sivut\/kerhoesittely\/"},{"@type":"ListItem","position":3,"name":"Yhdistyksen toimihenkil\u00f6t"}]},{"@type":"WebSite","@id":"https:\/\/www.huittmp.com\/sivut\/#website","url":"https:\/\/www.huittmp.com\/sivut\/","name":"HUITTISTEN MOOTTORIPY\u00d6R\u00c4ILIJ\u00c4T RY.","description":"Moottoripy\u00f6r\u00e4ily\u00e4 vuodesta 1979","potentialAction":[{"@type":"SearchAction","target":{"@type":"EntryPoint","urlTemplate":"https:\/\/www.huittmp.com\/sivut\/?s={search_term_string}"},"query-input":"required name=search_term_string"}],"inLanguage":"fi"}]}},"_links":{"self":[{"href":"https:\/\/www.huittmp.com\/sivut\/wp-json\/wp\/v2\/pages\/95"}],"collection":[{"href":"https:\/\/www.huittmp.com\/sivut\/wp-json\/wp\/v2\/pages"}],"about":[{"href":"https:\/\/www.huittmp.com\/sivut\/wp-json\/wp\/v2\/types\/page"}],"author":[{"embeddable":true,"href":"https:\/\/www.huittmp.com\/sivut\/wp-json\/wp\/v2\/users\/1"}],"replies":[{"embeddable":true,"href":"https:\/\/www.huittmp.com\/sivut\/wp-json\/wp\/v2\/comments?post=95"}],"version-history":[{"count":24,"href":"https:\/\/www.huittmp.com\/sivut\/wp-json\/wp\/v2\/pages\/95\/revisions"}],"predecessor-version":[{"id":3944,"href":"https:\/\/www.huittmp.com\/sivut\/wp-json\/wp\/v2\/pages\/95\/revisions\/3944"}],"up":[{"embeddable":true,"href":"https:\/\/www.huittmp.com\/sivut\/wp-json\/wp\/v2\/pages\/5"}],"wp:attachment":[{"href":"https:\/\/www.huittmp.com\/sivut\/wp-json\/wp\/v2\/media?parent=95"}],"curies":[{"name":"wp","href":"https:\/\/api.w.org\/{rel}","templated":true}]}}