{"id":9,"date":"2015-01-26T08:42:59","date_gmt":"2015-01-26T08:42:59","guid":{"rendered":"http:\/\/huittmp.piiri.net\/pages\/?page_id=9"},"modified":"2020-12-01T17:18:49","modified_gmt":"2020-12-01T14:18:49","slug":"kerhotuotteet","status":"publish","type":"page","link":"https:\/\/www.huittmp.com\/sivut\/kerhoesittely\/kerhotuotteet\/","title":{"rendered":"Kerhotuotekauppa"},"content":{"rendered":"<h3>Huittisten moottoripy\u00f6r\u00e4ilij\u00f6iden kerhotuotteet<\/h3>\n<p>Uusia m\u00e4nt\u00e4logolla varustettuja kerhotuotteita voit tilata Huittisten Moottoripy\u00f6r\u00e4ilij\u00f6iden <a href=\"http:\/\/www.fiola.fi\/asiakaskauppa\/?a=301520\">verkkokaupasta<\/a>.<\/p>\n<p>Alla olevia tuotteita saat kerholta heti.<\/p>\n<p>Kerhotuotteet l\u00f6yd\u00e4t alla olevasta taulukosta. <\/p>\n<p>&nbsp;<\/p>\n<table style=\"border: 1px solid #cccccc; height: 1632px;\" width=\"580px\">\n<thead>\n<tr>\n<th>Tuote &amp; Hinta<\/th>\n<th>Kuva<\/th>\n<th>Saatavuus<\/th>\n<\/tr>\n<\/thead>\n<tbody>\n<tr style=\"vertical-align: top;\">\n<td><strong>Pitk\u00e4-hihainen tekninen paita<\/strong><\/p>\n<h4 style=\"padding-left: 30px;\"><strong>30 \u20ac<\/strong><\/h4>\n<\/td>\n<td><a href=\"http:\/\/www.huittmp.com\/sivut\/wp-content\/uploads\/2015\/02\/pitkahihainen_tekninen_paita.png\"><img loading=\"lazy\" decoding=\"async\" class=\"alignnone wp-image-124 size-medium\" src=\"http:\/\/www.huittmp.com\/sivut\/wp-content\/uploads\/2015\/02\/pitkahihainen_tekninen_paita-272x300.png\" alt=\"\" width=\"272\" height=\"300\" srcset=\"https:\/\/www.huittmp.com\/sivut\/wp-content\/uploads\/2015\/02\/pitkahihainen_tekninen_paita-272x300.png 272w, https:\/\/www.huittmp.com\/sivut\/wp-content\/uploads\/2015\/02\/pitkahihainen_tekninen_paita-163x180.png 163w, https:\/\/www.huittmp.com\/sivut\/wp-content\/uploads\/2015\/02\/pitkahihainen_tekninen_paita.png 300w\" sizes=\"(max-width: 272px) 100vw, 272px\" \/><\/a><\/td>\n<td>Saatavissa<\/td>\n<\/tr>\n<tr>\n<td><strong>Lyhyt-hihainen tekninen paita<\/strong><\/p>\n<h4 style=\"padding-left: 30px;\"><strong>24\u20ac<\/strong><\/h4>\n<\/td>\n<td><a href=\"http:\/\/www.huittmp.com\/sivut\/wp-content\/uploads\/2015\/02\/tekninen_paita.jpg\"><img loading=\"lazy\" decoding=\"async\" class=\"alignnone wp-image-125\" src=\"http:\/\/www.huittmp.com\/sivut\/wp-content\/uploads\/2015\/02\/tekninen_paita.jpg\" alt=\"\" width=\"272\" height=\"392\" srcset=\"https:\/\/www.huittmp.com\/sivut\/wp-content\/uploads\/2015\/02\/tekninen_paita.jpg 300w, https:\/\/www.huittmp.com\/sivut\/wp-content\/uploads\/2015\/02\/tekninen_paita-208x300.jpg 208w, https:\/\/www.huittmp.com\/sivut\/wp-content\/uploads\/2015\/02\/tekninen_paita-125x180.jpg 125w\" sizes=\"(max-width: 272px) 100vw, 272px\" \/><\/a><\/td>\n<td>Saatavissa<\/td>\n<\/tr>\n<tr>\n<td><b>PIpo<\/b><\/p>\n<h4 style=\"padding-left: 30px;\">15 \u20ac<\/h4>\n<\/td>\n<td><a href=\"http:\/\/www.huittmp.com\/sivut\/wp-content\/uploads\/2015\/02\/pipo.png\"><img loading=\"lazy\" decoding=\"async\" class=\"alignnone wp-image-123\" src=\"http:\/\/www.huittmp.com\/sivut\/wp-content\/uploads\/2015\/02\/pipo.png\" alt=\"\" width=\"272\" height=\"376\" srcset=\"https:\/\/www.huittmp.com\/sivut\/wp-content\/uploads\/2015\/02\/pipo.png 300w, https:\/\/www.huittmp.com\/sivut\/wp-content\/uploads\/2015\/02\/pipo-217x300.png 217w, https:\/\/www.huittmp.com\/sivut\/wp-content\/uploads\/2015\/02\/pipo-130x180.png 130w\" sizes=\"(max-width: 272px) 100vw, 272px\" \/><\/a><\/td>\n<td>Saatavissa<\/td>\n<\/tr>\n<tr>\n<td><strong>Huppari<\/strong><\/p>\n<h4 style=\"padding-left: 30px;\">37 \u20ac<\/h4>\n<\/td>\n<td><a href=\"http:\/\/www.huittmp.com\/sivut\/wp-content\/uploads\/2015\/02\/huppari.png\"><img loading=\"lazy\" decoding=\"async\" class=\"alignnone wp-image-122\" src=\"http:\/\/www.huittmp.com\/sivut\/wp-content\/uploads\/2015\/02\/huppari.png\" alt=\"huppari\" width=\"272\" height=\"335\" srcset=\"https:\/\/www.huittmp.com\/sivut\/wp-content\/uploads\/2015\/02\/huppari.png 300w, https:\/\/www.huittmp.com\/sivut\/wp-content\/uploads\/2015\/02\/huppari-243x300.png 243w, https:\/\/www.huittmp.com\/sivut\/wp-content\/uploads\/2015\/02\/huppari-146x180.png 146w\" sizes=\"(max-width: 272px) 100vw, 272px\" \/><\/a><\/td>\n<td>miesten koot<br \/>\nM,\u00a0L,\u00a0XL ja\u00a0XXLnaisten koot M,L,XL<\/td>\n<\/tr>\n<\/tbody>\n<\/table>\n<p>&nbsp;<\/p>\n<p>&nbsp;<\/p>\n<p>&nbsp;<\/p>\n","protected":false},"excerpt":{"rendered":"<p>Huittisten moottoripy\u00f6r\u00e4ilij\u00f6iden kerhotuotteet Uusia m\u00e4nt\u00e4logolla varustettuja kerhotuotteita voit tilata Huittisten Moottoripy\u00f6r\u00e4ilij\u00f6iden verkkokaupasta. Alla olevia tuotteita saat kerholta heti. Kerhotuotteet l\u00f6yd\u00e4t alla olevasta taulukosta. &nbsp; Tuote &amp; Hinta Kuva Saatavuus Pitk\u00e4-hihainen&hellip; <a class=\"read-more\" href=\"https:\/\/www.huittmp.com\/sivut\/kerhoesittely\/kerhotuotteet\/\" title=\"Kerhotuotekauppa\"><i class=\"fa fa-arrow-right\"><\/i><\/a><\/p>\n","protected":false},"author":1,"featured_media":0,"parent":5,"menu_order":3,"comment_status":"open","ping_status":"open","template":"","meta":{"footnotes":""},"yoast_head":"<!-- This site is optimized with the Yoast SEO plugin v21.9.1 - https:\/\/yoast.com\/wordpress\/plugins\/seo\/ -->\n<title>Kerhotuotekauppa - HUITTISTEN MOOTTORIPY\u00d6R\u00c4ILIJ\u00c4T RY.<\/title>\n<meta name=\"robots\" content=\"index, follow, max-snippet:-1, max-image-preview:large, max-video-preview:-1\" \/>\n<link rel=\"canonical\" href=\"https:\/\/www.huittmp.com\/sivut\/kerhoesittely\/kerhotuotteet\/\" \/>\n<meta property=\"og:locale\" content=\"fi_FI\" \/>\n<meta property=\"og:type\" content=\"article\" \/>\n<meta property=\"og:title\" content=\"Kerhotuotekauppa - HUITTISTEN MOOTTORIPY\u00d6R\u00c4ILIJ\u00c4T RY.\" \/>\n<meta property=\"og:description\" content=\"Huittisten moottoripy\u00f6r\u00e4ilij\u00f6iden kerhotuotteet Uusia m\u00e4nt\u00e4logolla varustettuja kerhotuotteita voit tilata Huittisten Moottoripy\u00f6r\u00e4ilij\u00f6iden verkkokaupasta. Alla olevia tuotteita saat kerholta heti. Kerhotuotteet l\u00f6yd\u00e4t alla olevasta taulukosta. &nbsp; Tuote &amp; Hinta Kuva Saatavuus Pitk\u00e4-hihainen&hellip;\" \/>\n<meta property=\"og:url\" content=\"https:\/\/www.huittmp.com\/sivut\/kerhoesittely\/kerhotuotteet\/\" \/>\n<meta property=\"og:site_name\" content=\"HUITTISTEN MOOTTORIPY\u00d6R\u00c4ILIJ\u00c4T RY.\" \/>\n<meta property=\"article:modified_time\" content=\"2020-12-01T14:18:49+00:00\" \/>\n<meta property=\"og:image\" content=\"http:\/\/www.huittmp.com\/sivut\/wp-content\/uploads\/2015\/02\/pitkahihainen_tekninen_paita-272x300.png\" \/>\n<meta name=\"twitter:card\" content=\"summary_large_image\" \/>\n<script type=\"application\/ld+json\" class=\"yoast-schema-graph\">{\"@context\":\"https:\/\/schema.org\",\"@graph\":[{\"@type\":\"WebPage\",\"@id\":\"https:\/\/www.huittmp.com\/sivut\/kerhoesittely\/kerhotuotteet\/\",\"url\":\"https:\/\/www.huittmp.com\/sivut\/kerhoesittely\/kerhotuotteet\/\",\"name\":\"Kerhotuotekauppa - HUITTISTEN MOOTTORIPY\u00d6R\u00c4ILIJ\u00c4T RY.\",\"isPartOf\":{\"@id\":\"https:\/\/www.huittmp.com\/sivut\/#website\"},\"datePublished\":\"2015-01-26T08:42:59+00:00\",\"dateModified\":\"2020-12-01T14:18:49+00:00\",\"breadcrumb\":{\"@id\":\"https:\/\/www.huittmp.com\/sivut\/kerhoesittely\/kerhotuotteet\/#breadcrumb\"},\"inLanguage\":\"fi\",\"potentialAction\":[{\"@type\":\"ReadAction\",\"target\":[\"https:\/\/www.huittmp.com\/sivut\/kerhoesittely\/kerhotuotteet\/\"]}]},{\"@type\":\"BreadcrumbList\",\"@id\":\"https:\/\/www.huittmp.com\/sivut\/kerhoesittely\/kerhotuotteet\/#breadcrumb\",\"itemListElement\":[{\"@type\":\"ListItem\",\"position\":1,\"name\":\"Home\",\"item\":\"https:\/\/www.huittmp.com\/sivut\/\"},{\"@type\":\"ListItem\",\"position\":2,\"name\":\"Kerhoesittely\",\"item\":\"https:\/\/www.huittmp.com\/sivut\/kerhoesittely\/\"},{\"@type\":\"ListItem\",\"position\":3,\"name\":\"Kerhotuotekauppa\"}]},{\"@type\":\"WebSite\",\"@id\":\"https:\/\/www.huittmp.com\/sivut\/#website\",\"url\":\"https:\/\/www.huittmp.com\/sivut\/\",\"name\":\"HUITTISTEN MOOTTORIPY\u00d6R\u00c4ILIJ\u00c4T RY.\",\"description\":\"Moottoripy\u00f6r\u00e4ily\u00e4 vuodesta 1979\",\"potentialAction\":[{\"@type\":\"SearchAction\",\"target\":{\"@type\":\"EntryPoint\",\"urlTemplate\":\"https:\/\/www.huittmp.com\/sivut\/?s={search_term_string}\"},\"query-input\":\"required name=search_term_string\"}],\"inLanguage\":\"fi\"}]}<\/script>\n<!-- \/ Yoast SEO plugin. -->","yoast_head_json":{"title":"Kerhotuotekauppa - HUITTISTEN MOOTTORIPY\u00d6R\u00c4ILIJ\u00c4T RY.","robots":{"index":"index","follow":"follow","max-snippet":"max-snippet:-1","max-image-preview":"max-image-preview:large","max-video-preview":"max-video-preview:-1"},"canonical":"https:\/\/www.huittmp.com\/sivut\/kerhoesittely\/kerhotuotteet\/","og_locale":"fi_FI","og_type":"article","og_title":"Kerhotuotekauppa - HUITTISTEN MOOTTORIPY\u00d6R\u00c4ILIJ\u00c4T RY.","og_description":"Huittisten moottoripy\u00f6r\u00e4ilij\u00f6iden kerhotuotteet Uusia m\u00e4nt\u00e4logolla varustettuja kerhotuotteita voit tilata Huittisten Moottoripy\u00f6r\u00e4ilij\u00f6iden verkkokaupasta. Alla olevia tuotteita saat kerholta heti. Kerhotuotteet l\u00f6yd\u00e4t alla olevasta taulukosta. &nbsp; Tuote &amp; Hinta Kuva Saatavuus Pitk\u00e4-hihainen&hellip;","og_url":"https:\/\/www.huittmp.com\/sivut\/kerhoesittely\/kerhotuotteet\/","og_site_name":"HUITTISTEN MOOTTORIPY\u00d6R\u00c4ILIJ\u00c4T RY.","article_modified_time":"2020-12-01T14:18:49+00:00","og_image":[{"url":"http:\/\/www.huittmp.com\/sivut\/wp-content\/uploads\/2015\/02\/pitkahihainen_tekninen_paita-272x300.png"}],"twitter_card":"summary_large_image","schema":{"@context":"https:\/\/schema.org","@graph":[{"@type":"WebPage","@id":"https:\/\/www.huittmp.com\/sivut\/kerhoesittely\/kerhotuotteet\/","url":"https:\/\/www.huittmp.com\/sivut\/kerhoesittely\/kerhotuotteet\/","name":"Kerhotuotekauppa - HUITTISTEN MOOTTORIPY\u00d6R\u00c4ILIJ\u00c4T RY.","isPartOf":{"@id":"https:\/\/www.huittmp.com\/sivut\/#website"},"datePublished":"2015-01-26T08:42:59+00:00","dateModified":"2020-12-01T14:18:49+00:00","breadcrumb":{"@id":"https:\/\/www.huittmp.com\/sivut\/kerhoesittely\/kerhotuotteet\/#breadcrumb"},"inLanguage":"fi","potentialAction":[{"@type":"ReadAction","target":["https:\/\/www.huittmp.com\/sivut\/kerhoesittely\/kerhotuotteet\/"]}]},{"@type":"BreadcrumbList","@id":"https:\/\/www.huittmp.com\/sivut\/kerhoesittely\/kerhotuotteet\/#breadcrumb","itemListElement":[{"@type":"ListItem","position":1,"name":"Home","item":"https:\/\/www.huittmp.com\/sivut\/"},{"@type":"ListItem","position":2,"name":"Kerhoesittely","item":"https:\/\/www.huittmp.com\/sivut\/kerhoesittely\/"},{"@type":"ListItem","position":3,"name":"Kerhotuotekauppa"}]},{"@type":"WebSite","@id":"https:\/\/www.huittmp.com\/sivut\/#website","url":"https:\/\/www.huittmp.com\/sivut\/","name":"HUITTISTEN MOOTTORIPY\u00d6R\u00c4ILIJ\u00c4T RY.","description":"Moottoripy\u00f6r\u00e4ily\u00e4 vuodesta 1979","potentialAction":[{"@type":"SearchAction","target":{"@type":"EntryPoint","urlTemplate":"https:\/\/www.huittmp.com\/sivut\/?s={search_term_string}"},"query-input":"required name=search_term_string"}],"inLanguage":"fi"}]}},"_links":{"self":[{"href":"https:\/\/www.huittmp.com\/sivut\/wp-json\/wp\/v2\/pages\/9"}],"collection":[{"href":"https:\/\/www.huittmp.com\/sivut\/wp-json\/wp\/v2\/pages"}],"about":[{"href":"https:\/\/www.huittmp.com\/sivut\/wp-json\/wp\/v2\/types\/page"}],"author":[{"embeddable":true,"href":"https:\/\/www.huittmp.com\/sivut\/wp-json\/wp\/v2\/users\/1"}],"replies":[{"embeddable":true,"href":"https:\/\/www.huittmp.com\/sivut\/wp-json\/wp\/v2\/comments?post=9"}],"version-history":[{"count":36,"href":"https:\/\/www.huittmp.com\/sivut\/wp-json\/wp\/v2\/pages\/9\/revisions"}],"predecessor-version":[{"id":3505,"href":"https:\/\/www.huittmp.com\/sivut\/wp-json\/wp\/v2\/pages\/9\/revisions\/3505"}],"up":[{"embeddable":true,"href":"https:\/\/www.huittmp.com\/sivut\/wp-json\/wp\/v2\/pages\/5"}],"wp:attachment":[{"href":"https:\/\/www.huittmp.com\/sivut\/wp-json\/wp\/v2\/media?parent=9"}],"curies":[{"name":"wp","href":"https:\/\/api.w.org\/{rel}","templated":true}]}}