{"id":5,"date":"2015-01-26T08:40:46","date_gmt":"2015-01-26T08:40:46","guid":{"rendered":"http:\/\/huittmp.piiri.net\/pages\/?page_id=5"},"modified":"2023-04-08T19:06:07","modified_gmt":"2023-04-08T16:06:07","slug":"kerhoesittely","status":"publish","type":"page","link":"https:\/\/www.huittmp.com\/sivut\/kerhoesittely\/","title":{"rendered":"Kerhoesittely"},"content":{"rendered":"<h4 class=\"article-content\">Historia<\/h4>\n<div class=\"article-content\" style=\"padding-left: 30px;\">Huittisten moottoripy\u00f6r\u00e4ilij\u00e4t ry on perustettu vuonna 1979 ja sill\u00e4 on t\u00e4ll\u00e4 hetkell\u00e4 n. 120 j\u00e4sent\u00e4. Yhdistyksen toimitilat sijaitsevat Huittisten vanhan meijerin kellarikerroksessa. Tilasta l\u00f6ytyv\u00e4t mm. korjaamo ty\u00f6kaluineen, moottoripy\u00f6rien s\u00e4ilytys ja pesutilat. Lis\u00e4ksi yhteinen oleskelutila, jossa keitti\u00f6, sauna ja pukuhuone. Joutoaikaa voi viett\u00e4\u00e4 vaikka biljardia pelaamalla tai TV:t\u00e4 katselemalla, ja lehtihyllyst\u00e4 l\u00f6ytyv\u00e4t kotimaiset MP-lehdet.<\/div>\n<div class=\"article-content\" style=\"padding-left: 30px;\"><\/div>\n<div class=\"article-content\" style=\"padding-left: 30px;\"><a href=\"http:\/\/www.huittmp.com\/sivut\/wp-content\/uploads\/2015\/01\/HUITTMP_Kerhoesittelytilaisuus26.10.1983.jpg\"><img loading=\"lazy\" decoding=\"async\" class=\"alignnone wp-image-214 size-full\" src=\"http:\/\/www.huittmp.com\/sivut\/wp-content\/uploads\/2015\/01\/HUITTMP_Kerhoesittelytilaisuus26.10.1983.jpg\" alt=\"HUITTMP_Kerhoesittelytilaisuus26.10.1983\" width=\"500\" height=\"349\" srcset=\"https:\/\/www.huittmp.com\/sivut\/wp-content\/uploads\/2015\/01\/HUITTMP_Kerhoesittelytilaisuus26.10.1983.jpg 500w, https:\/\/www.huittmp.com\/sivut\/wp-content\/uploads\/2015\/01\/HUITTMP_Kerhoesittelytilaisuus26.10.1983-300x209.jpg 300w\" sizes=\"(max-width: 500px) 100vw, 500px\" \/><\/a><\/div>\n<div class=\"article-content\"><\/div>\n<h4 class=\"article-content\">Vuokrattavissa oleva kerhopy\u00f6r\u00e4<\/h4>\n<div class=\"article-content\" style=\"padding-left: 30px;\">Huittisten moottoripy\u00f6r\u00e4ilij\u00e4t ry:ll\u00e4 on oma kerhopy\u00f6r\u00e4, jota j\u00e4senet voivat vuokrata edulliseen hintaan. Yamaha Drag Star 650 vm 2000 p\u00e4\u00e4tyi Huittisiin SMOTOn arpajaisvoiton kautta, ja sopii matalana py\u00f6r\u00e4n\u00e4 hyvin cruisailuun.<\/div>\n<div class=\"article-content\"><\/div>\n<h4 class=\"article-content\">Kerhon toiminta<\/h4>\n<div class=\"article-content\" style=\"padding-left: 30px;\">Kerho j\u00e4rjest\u00e4\u00e4 aktiivisesti erilaista toimintaa ymp\u00e4ri vuoden:<\/div>\n<ul>\n<li class=\"article-content\">Matka MP-messuille<\/li>\n<li class=\"article-content\">Ajokauden avajaiset ja p\u00e4\u00e4tt\u00e4j\u00e4iset<\/li>\n<li class=\"article-content\">Kev\u00e4iset ruosteenpoistop\u00e4iv\u00e4t<\/li>\n<li class=\"article-content\">Kerhoretki\u00e4 ja -ajeluita<\/li>\n<li class=\"article-content\">Pikkujoulut<\/li>\n<li class=\"article-content\">Monet j\u00e4senist\u00e4 reissaavat kokoontumisajoissa kautta Suomen, ja osan reitti kurvaa my\u00f6s ulkomaiden kautta.<\/li>\n<li class=\"article-content\">S\u00e4\u00e4nt\u00f6m\u00e4\u00e4r\u00e4iset kokoukset ymp\u00e4ri vuoden<\/li>\n<li class=\"article-content\">Kerholla on sivut my\u00f6s <a title=\"Huittmp Facebookissa\" href=\"https:\/\/www.facebook.com\/groups\/115520021822950\/\" target=\"_blank\" rel=\"noopener\">Facebookissa\u00a0<\/a><\/li>\n<\/ul>\n<div class=\"article-content\">\n<h4>\u00a0Kerhoilta<\/h4>\n<p style=\"padding-left: 30px;\">Kerhon ovet ovat yleens\u00e4 auki sunnuntaisin klo 16.00, jolloin on viikoittainen kerhoilta. Tule tutustumaan, ja juomaan kupillinen kahvia!<\/p>\n<p style=\"padding-left: 30px;\">\n<\/div>\n<p><span class=\"article_separator\">\u00a0<img loading=\"lazy\" decoding=\"async\" class=\"aligncenter size-full wp-image-1825\" src=\"http:\/\/www.huittmp.com\/sivut2\/wp-content\/uploads\/2015\/01\/huittmp_logo_manta_pieni.png\" alt=\"\" width=\"169\" height=\"206\" srcset=\"https:\/\/www.huittmp.com\/sivut\/wp-content\/uploads\/2015\/01\/huittmp_logo_manta_pieni.png 169w, https:\/\/www.huittmp.com\/sivut\/wp-content\/uploads\/2015\/01\/huittmp_logo_manta_pieni-123x150.png 123w\" sizes=\"(max-width: 169px) 100vw, 169px\" \/><\/span><\/p>\n","protected":false},"excerpt":{"rendered":"<p>Historia Huittisten moottoripy\u00f6r\u00e4ilij\u00e4t ry on perustettu vuonna 1979 ja sill\u00e4 on t\u00e4ll\u00e4 hetkell\u00e4 n. 120 j\u00e4sent\u00e4. Yhdistyksen toimitilat sijaitsevat Huittisten vanhan meijerin kellarikerroksessa. Tilasta l\u00f6ytyv\u00e4t mm. korjaamo ty\u00f6kaluineen, moottoripy\u00f6rien s\u00e4ilytys&hellip; <a class=\"read-more\" href=\"https:\/\/www.huittmp.com\/sivut\/kerhoesittely\/\" title=\"Kerhoesittely\"><i class=\"fa fa-arrow-right\"><\/i><\/a><\/p>\n","protected":false},"author":1,"featured_media":0,"parent":0,"menu_order":1,"comment_status":"open","ping_status":"open","template":"","meta":{"footnotes":""},"yoast_head":"<!-- This site is optimized with the Yoast SEO plugin v21.9.1 - https:\/\/yoast.com\/wordpress\/plugins\/seo\/ -->\n<title>Kerhoesittely - HUITTISTEN MOOTTORIPY\u00d6R\u00c4ILIJ\u00c4T RY.<\/title>\n<meta name=\"robots\" content=\"index, follow, max-snippet:-1, max-image-preview:large, max-video-preview:-1\" \/>\n<link rel=\"canonical\" href=\"https:\/\/www.huittmp.com\/sivut\/kerhoesittely\/\" \/>\n<meta property=\"og:locale\" content=\"fi_FI\" \/>\n<meta property=\"og:type\" content=\"article\" \/>\n<meta property=\"og:title\" content=\"Kerhoesittely - HUITTISTEN MOOTTORIPY\u00d6R\u00c4ILIJ\u00c4T RY.\" \/>\n<meta property=\"og:description\" content=\"Historia Huittisten moottoripy\u00f6r\u00e4ilij\u00e4t ry on perustettu vuonna 1979 ja sill\u00e4 on t\u00e4ll\u00e4 hetkell\u00e4 n. 120 j\u00e4sent\u00e4. Yhdistyksen toimitilat sijaitsevat Huittisten vanhan meijerin kellarikerroksessa. Tilasta l\u00f6ytyv\u00e4t mm. korjaamo ty\u00f6kaluineen, moottoripy\u00f6rien s\u00e4ilytys&hellip;\" \/>\n<meta property=\"og:url\" content=\"https:\/\/www.huittmp.com\/sivut\/kerhoesittely\/\" \/>\n<meta property=\"og:site_name\" content=\"HUITTISTEN MOOTTORIPY\u00d6R\u00c4ILIJ\u00c4T RY.\" \/>\n<meta property=\"article:modified_time\" content=\"2023-04-08T16:06:07+00:00\" \/>\n<meta property=\"og:image\" content=\"http:\/\/www.huittmp.com\/sivut\/wp-content\/uploads\/2015\/01\/HUITTMP_Kerhoesittelytilaisuus26.10.1983.jpg\" \/>\n<meta name=\"twitter:card\" content=\"summary_large_image\" \/>\n<meta name=\"twitter:label1\" content=\"Arvioitu lukuaika\" \/>\n\t<meta name=\"twitter:data1\" content=\"2 minuuttia\" \/>\n<script type=\"application\/ld+json\" class=\"yoast-schema-graph\">{\"@context\":\"https:\/\/schema.org\",\"@graph\":[{\"@type\":\"WebPage\",\"@id\":\"https:\/\/www.huittmp.com\/sivut\/kerhoesittely\/\",\"url\":\"https:\/\/www.huittmp.com\/sivut\/kerhoesittely\/\",\"name\":\"Kerhoesittely - HUITTISTEN MOOTTORIPY\u00d6R\u00c4ILIJ\u00c4T RY.\",\"isPartOf\":{\"@id\":\"https:\/\/www.huittmp.com\/sivut\/#website\"},\"datePublished\":\"2015-01-26T08:40:46+00:00\",\"dateModified\":\"2023-04-08T16:06:07+00:00\",\"breadcrumb\":{\"@id\":\"https:\/\/www.huittmp.com\/sivut\/kerhoesittely\/#breadcrumb\"},\"inLanguage\":\"fi\",\"potentialAction\":[{\"@type\":\"ReadAction\",\"target\":[\"https:\/\/www.huittmp.com\/sivut\/kerhoesittely\/\"]}]},{\"@type\":\"BreadcrumbList\",\"@id\":\"https:\/\/www.huittmp.com\/sivut\/kerhoesittely\/#breadcrumb\",\"itemListElement\":[{\"@type\":\"ListItem\",\"position\":1,\"name\":\"Home\",\"item\":\"https:\/\/www.huittmp.com\/sivut\/\"},{\"@type\":\"ListItem\",\"position\":2,\"name\":\"Kerhoesittely\"}]},{\"@type\":\"WebSite\",\"@id\":\"https:\/\/www.huittmp.com\/sivut\/#website\",\"url\":\"https:\/\/www.huittmp.com\/sivut\/\",\"name\":\"HUITTISTEN MOOTTORIPY\u00d6R\u00c4ILIJ\u00c4T RY.\",\"description\":\"Moottoripy\u00f6r\u00e4ily\u00e4 vuodesta 1979\",\"potentialAction\":[{\"@type\":\"SearchAction\",\"target\":{\"@type\":\"EntryPoint\",\"urlTemplate\":\"https:\/\/www.huittmp.com\/sivut\/?s={search_term_string}\"},\"query-input\":\"required name=search_term_string\"}],\"inLanguage\":\"fi\"}]}<\/script>\n<!-- \/ Yoast SEO plugin. -->","yoast_head_json":{"title":"Kerhoesittely - HUITTISTEN MOOTTORIPY\u00d6R\u00c4ILIJ\u00c4T RY.","robots":{"index":"index","follow":"follow","max-snippet":"max-snippet:-1","max-image-preview":"max-image-preview:large","max-video-preview":"max-video-preview:-1"},"canonical":"https:\/\/www.huittmp.com\/sivut\/kerhoesittely\/","og_locale":"fi_FI","og_type":"article","og_title":"Kerhoesittely - HUITTISTEN MOOTTORIPY\u00d6R\u00c4ILIJ\u00c4T RY.","og_description":"Historia Huittisten moottoripy\u00f6r\u00e4ilij\u00e4t ry on perustettu vuonna 1979 ja sill\u00e4 on t\u00e4ll\u00e4 hetkell\u00e4 n. 120 j\u00e4sent\u00e4. Yhdistyksen toimitilat sijaitsevat Huittisten vanhan meijerin kellarikerroksessa. Tilasta l\u00f6ytyv\u00e4t mm. korjaamo ty\u00f6kaluineen, moottoripy\u00f6rien s\u00e4ilytys&hellip;","og_url":"https:\/\/www.huittmp.com\/sivut\/kerhoesittely\/","og_site_name":"HUITTISTEN MOOTTORIPY\u00d6R\u00c4ILIJ\u00c4T RY.","article_modified_time":"2023-04-08T16:06:07+00:00","og_image":[{"url":"http:\/\/www.huittmp.com\/sivut\/wp-content\/uploads\/2015\/01\/HUITTMP_Kerhoesittelytilaisuus26.10.1983.jpg"}],"twitter_card":"summary_large_image","twitter_misc":{"Arvioitu lukuaika":"2 minuuttia"},"schema":{"@context":"https:\/\/schema.org","@graph":[{"@type":"WebPage","@id":"https:\/\/www.huittmp.com\/sivut\/kerhoesittely\/","url":"https:\/\/www.huittmp.com\/sivut\/kerhoesittely\/","name":"Kerhoesittely - HUITTISTEN MOOTTORIPY\u00d6R\u00c4ILIJ\u00c4T RY.","isPartOf":{"@id":"https:\/\/www.huittmp.com\/sivut\/#website"},"datePublished":"2015-01-26T08:40:46+00:00","dateModified":"2023-04-08T16:06:07+00:00","breadcrumb":{"@id":"https:\/\/www.huittmp.com\/sivut\/kerhoesittely\/#breadcrumb"},"inLanguage":"fi","potentialAction":[{"@type":"ReadAction","target":["https:\/\/www.huittmp.com\/sivut\/kerhoesittely\/"]}]},{"@type":"BreadcrumbList","@id":"https:\/\/www.huittmp.com\/sivut\/kerhoesittely\/#breadcrumb","itemListElement":[{"@type":"ListItem","position":1,"name":"Home","item":"https:\/\/www.huittmp.com\/sivut\/"},{"@type":"ListItem","position":2,"name":"Kerhoesittely"}]},{"@type":"WebSite","@id":"https:\/\/www.huittmp.com\/sivut\/#website","url":"https:\/\/www.huittmp.com\/sivut\/","name":"HUITTISTEN MOOTTORIPY\u00d6R\u00c4ILIJ\u00c4T RY.","description":"Moottoripy\u00f6r\u00e4ily\u00e4 vuodesta 1979","potentialAction":[{"@type":"SearchAction","target":{"@type":"EntryPoint","urlTemplate":"https:\/\/www.huittmp.com\/sivut\/?s={search_term_string}"},"query-input":"required name=search_term_string"}],"inLanguage":"fi"}]}},"_links":{"self":[{"href":"https:\/\/www.huittmp.com\/sivut\/wp-json\/wp\/v2\/pages\/5"}],"collection":[{"href":"https:\/\/www.huittmp.com\/sivut\/wp-json\/wp\/v2\/pages"}],"about":[{"href":"https:\/\/www.huittmp.com\/sivut\/wp-json\/wp\/v2\/types\/page"}],"author":[{"embeddable":true,"href":"https:\/\/www.huittmp.com\/sivut\/wp-json\/wp\/v2\/users\/1"}],"replies":[{"embeddable":true,"href":"https:\/\/www.huittmp.com\/sivut\/wp-json\/wp\/v2\/comments?post=5"}],"version-history":[{"count":28,"href":"https:\/\/www.huittmp.com\/sivut\/wp-json\/wp\/v2\/pages\/5\/revisions"}],"predecessor-version":[{"id":3844,"href":"https:\/\/www.huittmp.com\/sivut\/wp-json\/wp\/v2\/pages\/5\/revisions\/3844"}],"wp:attachment":[{"href":"https:\/\/www.huittmp.com\/sivut\/wp-json\/wp\/v2\/media?parent=5"}],"curies":[{"name":"wp","href":"https:\/\/api.w.org\/{rel}","templated":true}]}}