{"id":44,"date":"2015-01-27T12:13:38","date_gmt":"2015-01-27T10:13:38","guid":{"rendered":"http:\/\/huittmp.piiri.net\/pages\/?page_id=44"},"modified":"2021-03-06T15:35:09","modified_gmt":"2021-03-06T12:35:09","slug":"jasenedut","status":"publish","type":"page","link":"https:\/\/www.huittmp.com\/sivut\/kerhoesittely\/jasenedut\/","title":{"rendered":"J\u00e4senedut"},"content":{"rendered":"<h4>Huittisten moottoripy\u00f6r\u00e4ilij\u00f6iden j\u00e4senen\u00e4 saat seuraavia etuja<\/h4>\n<ol>\n<li>SMOTO:n edut (k\u00e4y katsomassa <a href=\"http:\/\/www.smoto.fi\/\" target=\"_blank\" rel=\"noopener\">www.smoto.fi<\/a>)<\/li>\n<li>Mahdollisuus osallistua kerhon tapahtumiin esim:\n<ol>\n<li>MP-n\u00e4yttelyreissulle<\/li>\n<li>Ruosteenpoistoon<\/li>\n<li>Kev\u00e4tretkelle<\/li>\n<li>Kes\u00e4retkelle<\/li>\n<li>Muihin kerhon tapahtumiin ja yhteisajeluihin<\/li>\n<\/ol>\n<\/li>\n<li>Eritt\u00e4in edullinen moottoripy\u00f6r\u00e4n talvis\u00e4ilytys (27\u20ac \/ py\u00f6r\u00e4 \/ s\u00e4ilytys)<\/li>\n<li>Kerhon korjaamotilat k\u00e4ytt\u00f6\u00f6si (ja ehk\u00e4 jopa remppa-apuja)<\/li>\n<li>Edulliset renkaanvaihdot (10\u20ac\/rengas)<\/li>\n<li>Mahdollisuus osallistua kerhon yhteishankintoihin, jolloin saat esim. renkaat edullisesti<\/li>\n<li>Jos omaa py\u00f6r\u00e4\u00e4 ei (viel\u00e4) ole, voit vuokrata kerhopy\u00f6r\u00e4\u00e4mme Yamaha DragStar 650<\/li>\n<li>Samanhenkist\u00e4 ja mukavaa seuraa<\/li>\n<\/ol>\n<p>&nbsp;<\/p>\n<figure id=\"attachment_369\" aria-describedby=\"caption-attachment-369\" style=\"width: 500px\" class=\"wp-caption alignnone\"><a href=\"http:\/\/www.huittmp.com\/sivut\/wp-content\/uploads\/2015\/01\/ajoharjoittelu.jpg\"><img loading=\"lazy\" decoding=\"async\" class=\"wp-image-369\" src=\"http:\/\/www.huittmp.com\/sivut\/wp-content\/uploads\/2015\/01\/ajoharjoittelu.jpg\" alt=\"Kerho tarjoaa j\u00e4senilleen ajoharjoittelua mm. kev\u00e4isen ruosteenpoiston kautta.\" width=\"500\" height=\"387\" srcset=\"https:\/\/www.huittmp.com\/sivut\/wp-content\/uploads\/2015\/01\/ajoharjoittelu.jpg 617w, https:\/\/www.huittmp.com\/sivut\/wp-content\/uploads\/2015\/01\/ajoharjoittelu-300x232.jpg 300w\" sizes=\"(max-width: 500px) 100vw, 500px\" \/><\/a><figcaption id=\"caption-attachment-369\" class=\"wp-caption-text\">Kerho tarjoaa j\u00e4senilleen ajoharjoittelua mm. kev\u00e4isen ruosteenpoiston kautta.<\/figcaption><\/figure>\n<p>&nbsp;<\/p>\n<h4>Kuinka voin liitty\u00e4 Huittisten moottoripy\u00f6r\u00e4ilj\u00f6iden j\u00e4seneksi?<\/h4>\n<p style=\"padding-left: 30px;\">T\u00e4yt\u00e4\u00a0<a href=\"http:\/\/www.huittmp.com\/sivut\/kerhoesittely\/jasenhakemus\/\">j\u00e4senhakemus<\/a>. Hakemuksen k\u00e4sittely\u00e4 voit nopeuttaa ottamalla yhteytt\u00e4 puheenjohtajaan, sihteeriin (<a href=\"http:\/\/www.huittmp.com\/sivut\/kerhoesittely\/yhdistyksen-hallitus\/\">yhteystiedot<\/a>) tai tule k\u00e4ym\u00e4\u00e4n kerhoillassa.<\/p>\n<p style=\"padding-left: 30px;\">Kerhoiltaa viet\u00e4mme joka sunnuntai klo 16 alkaen.<\/p>\n<h4>Pit\u00e4\u00e4k\u00f6 omistaa moottoripy\u00f6r\u00e4, ett\u00e4 voi liitty\u00e4 kerhoon?<\/h4>\n<p style=\"padding-left: 30px;\">Moottoripy\u00f6r\u00e4n omistaminen ei ole pakollista. Yhdistyksell\u00e4 on my\u00f6s oma py\u00f6r\u00e4, jota j\u00e4senet voivat vuokrata.<\/p>\n<h4>Mit\u00e4 se maksaa?<\/h4>\n<p style=\"padding-left: 30px;\">Kerhon j\u00e4senyys maksaa vain 25 \u20ac vuosi.<\/p>\n","protected":false},"excerpt":{"rendered":"<p>Huittisten moottoripy\u00f6r\u00e4ilij\u00f6iden j\u00e4senen\u00e4 saat seuraavia etuja SMOTO:n edut (k\u00e4y katsomassa www.smoto.fi) Mahdollisuus osallistua kerhon tapahtumiin esim: MP-n\u00e4yttelyreissulle Ruosteenpoistoon Kev\u00e4tretkelle Kes\u00e4retkelle Muihin kerhon tapahtumiin ja yhteisajeluihin Eritt\u00e4in edullinen moottoripy\u00f6r\u00e4n talvis\u00e4ilytys (27\u20ac&hellip; <a class=\"read-more\" href=\"https:\/\/www.huittmp.com\/sivut\/kerhoesittely\/jasenedut\/\" title=\"J\u00e4senedut\"><i class=\"fa fa-arrow-right\"><\/i><\/a><\/p>\n","protected":false},"author":1,"featured_media":0,"parent":5,"menu_order":1,"comment_status":"closed","ping_status":"closed","template":"","meta":{"footnotes":""},"yoast_head":"<!-- This site is optimized with the Yoast SEO plugin v21.9.1 - https:\/\/yoast.com\/wordpress\/plugins\/seo\/ -->\n<title>J\u00e4senedut - HUITTISTEN MOOTTORIPY\u00d6R\u00c4ILIJ\u00c4T RY.<\/title>\n<meta name=\"robots\" content=\"index, follow, max-snippet:-1, max-image-preview:large, max-video-preview:-1\" \/>\n<link rel=\"canonical\" href=\"https:\/\/www.huittmp.com\/sivut\/kerhoesittely\/jasenedut\/\" \/>\n<meta property=\"og:locale\" content=\"fi_FI\" \/>\n<meta property=\"og:type\" content=\"article\" \/>\n<meta property=\"og:title\" content=\"J\u00e4senedut - HUITTISTEN MOOTTORIPY\u00d6R\u00c4ILIJ\u00c4T RY.\" \/>\n<meta property=\"og:description\" content=\"Huittisten moottoripy\u00f6r\u00e4ilij\u00f6iden j\u00e4senen\u00e4 saat seuraavia etuja SMOTO:n edut (k\u00e4y katsomassa www.smoto.fi) Mahdollisuus osallistua kerhon tapahtumiin esim: MP-n\u00e4yttelyreissulle Ruosteenpoistoon Kev\u00e4tretkelle Kes\u00e4retkelle Muihin kerhon tapahtumiin ja yhteisajeluihin Eritt\u00e4in edullinen moottoripy\u00f6r\u00e4n talvis\u00e4ilytys (27\u20ac&hellip;\" \/>\n<meta property=\"og:url\" content=\"https:\/\/www.huittmp.com\/sivut\/kerhoesittely\/jasenedut\/\" \/>\n<meta property=\"og:site_name\" content=\"HUITTISTEN MOOTTORIPY\u00d6R\u00c4ILIJ\u00c4T RY.\" \/>\n<meta property=\"article:modified_time\" content=\"2021-03-06T12:35:09+00:00\" \/>\n<meta property=\"og:image\" content=\"http:\/\/www.huittmp.com\/sivut\/wp-content\/uploads\/2015\/01\/ajoharjoittelu.jpg\" \/>\n<meta name=\"twitter:card\" content=\"summary_large_image\" \/>\n<meta name=\"twitter:label1\" content=\"Arvioitu lukuaika\" \/>\n\t<meta name=\"twitter:data1\" content=\"1 minuutti\" \/>\n<script type=\"application\/ld+json\" class=\"yoast-schema-graph\">{\"@context\":\"https:\/\/schema.org\",\"@graph\":[{\"@type\":\"WebPage\",\"@id\":\"https:\/\/www.huittmp.com\/sivut\/kerhoesittely\/jasenedut\/\",\"url\":\"https:\/\/www.huittmp.com\/sivut\/kerhoesittely\/jasenedut\/\",\"name\":\"J\u00e4senedut - HUITTISTEN MOOTTORIPY\u00d6R\u00c4ILIJ\u00c4T RY.\",\"isPartOf\":{\"@id\":\"https:\/\/www.huittmp.com\/sivut\/#website\"},\"datePublished\":\"2015-01-27T10:13:38+00:00\",\"dateModified\":\"2021-03-06T12:35:09+00:00\",\"breadcrumb\":{\"@id\":\"https:\/\/www.huittmp.com\/sivut\/kerhoesittely\/jasenedut\/#breadcrumb\"},\"inLanguage\":\"fi\",\"potentialAction\":[{\"@type\":\"ReadAction\",\"target\":[\"https:\/\/www.huittmp.com\/sivut\/kerhoesittely\/jasenedut\/\"]}]},{\"@type\":\"BreadcrumbList\",\"@id\":\"https:\/\/www.huittmp.com\/sivut\/kerhoesittely\/jasenedut\/#breadcrumb\",\"itemListElement\":[{\"@type\":\"ListItem\",\"position\":1,\"name\":\"Home\",\"item\":\"https:\/\/www.huittmp.com\/sivut\/\"},{\"@type\":\"ListItem\",\"position\":2,\"name\":\"Kerhoesittely\",\"item\":\"https:\/\/www.huittmp.com\/sivut\/kerhoesittely\/\"},{\"@type\":\"ListItem\",\"position\":3,\"name\":\"J\u00e4senedut\"}]},{\"@type\":\"WebSite\",\"@id\":\"https:\/\/www.huittmp.com\/sivut\/#website\",\"url\":\"https:\/\/www.huittmp.com\/sivut\/\",\"name\":\"HUITTISTEN MOOTTORIPY\u00d6R\u00c4ILIJ\u00c4T RY.\",\"description\":\"Moottoripy\u00f6r\u00e4ily\u00e4 vuodesta 1979\",\"potentialAction\":[{\"@type\":\"SearchAction\",\"target\":{\"@type\":\"EntryPoint\",\"urlTemplate\":\"https:\/\/www.huittmp.com\/sivut\/?s={search_term_string}\"},\"query-input\":\"required name=search_term_string\"}],\"inLanguage\":\"fi\"}]}<\/script>\n<!-- \/ Yoast SEO plugin. -->","yoast_head_json":{"title":"J\u00e4senedut - HUITTISTEN MOOTTORIPY\u00d6R\u00c4ILIJ\u00c4T RY.","robots":{"index":"index","follow":"follow","max-snippet":"max-snippet:-1","max-image-preview":"max-image-preview:large","max-video-preview":"max-video-preview:-1"},"canonical":"https:\/\/www.huittmp.com\/sivut\/kerhoesittely\/jasenedut\/","og_locale":"fi_FI","og_type":"article","og_title":"J\u00e4senedut - HUITTISTEN MOOTTORIPY\u00d6R\u00c4ILIJ\u00c4T RY.","og_description":"Huittisten moottoripy\u00f6r\u00e4ilij\u00f6iden j\u00e4senen\u00e4 saat seuraavia etuja SMOTO:n edut (k\u00e4y katsomassa www.smoto.fi) Mahdollisuus osallistua kerhon tapahtumiin esim: MP-n\u00e4yttelyreissulle Ruosteenpoistoon Kev\u00e4tretkelle Kes\u00e4retkelle Muihin kerhon tapahtumiin ja yhteisajeluihin Eritt\u00e4in edullinen moottoripy\u00f6r\u00e4n talvis\u00e4ilytys (27\u20ac&hellip;","og_url":"https:\/\/www.huittmp.com\/sivut\/kerhoesittely\/jasenedut\/","og_site_name":"HUITTISTEN MOOTTORIPY\u00d6R\u00c4ILIJ\u00c4T RY.","article_modified_time":"2021-03-06T12:35:09+00:00","og_image":[{"url":"http:\/\/www.huittmp.com\/sivut\/wp-content\/uploads\/2015\/01\/ajoharjoittelu.jpg"}],"twitter_card":"summary_large_image","twitter_misc":{"Arvioitu lukuaika":"1 minuutti"},"schema":{"@context":"https:\/\/schema.org","@graph":[{"@type":"WebPage","@id":"https:\/\/www.huittmp.com\/sivut\/kerhoesittely\/jasenedut\/","url":"https:\/\/www.huittmp.com\/sivut\/kerhoesittely\/jasenedut\/","name":"J\u00e4senedut - HUITTISTEN MOOTTORIPY\u00d6R\u00c4ILIJ\u00c4T RY.","isPartOf":{"@id":"https:\/\/www.huittmp.com\/sivut\/#website"},"datePublished":"2015-01-27T10:13:38+00:00","dateModified":"2021-03-06T12:35:09+00:00","breadcrumb":{"@id":"https:\/\/www.huittmp.com\/sivut\/kerhoesittely\/jasenedut\/#breadcrumb"},"inLanguage":"fi","potentialAction":[{"@type":"ReadAction","target":["https:\/\/www.huittmp.com\/sivut\/kerhoesittely\/jasenedut\/"]}]},{"@type":"BreadcrumbList","@id":"https:\/\/www.huittmp.com\/sivut\/kerhoesittely\/jasenedut\/#breadcrumb","itemListElement":[{"@type":"ListItem","position":1,"name":"Home","item":"https:\/\/www.huittmp.com\/sivut\/"},{"@type":"ListItem","position":2,"name":"Kerhoesittely","item":"https:\/\/www.huittmp.com\/sivut\/kerhoesittely\/"},{"@type":"ListItem","position":3,"name":"J\u00e4senedut"}]},{"@type":"WebSite","@id":"https:\/\/www.huittmp.com\/sivut\/#website","url":"https:\/\/www.huittmp.com\/sivut\/","name":"HUITTISTEN MOOTTORIPY\u00d6R\u00c4ILIJ\u00c4T RY.","description":"Moottoripy\u00f6r\u00e4ily\u00e4 vuodesta 1979","potentialAction":[{"@type":"SearchAction","target":{"@type":"EntryPoint","urlTemplate":"https:\/\/www.huittmp.com\/sivut\/?s={search_term_string}"},"query-input":"required name=search_term_string"}],"inLanguage":"fi"}]}},"_links":{"self":[{"href":"https:\/\/www.huittmp.com\/sivut\/wp-json\/wp\/v2\/pages\/44"}],"collection":[{"href":"https:\/\/www.huittmp.com\/sivut\/wp-json\/wp\/v2\/pages"}],"about":[{"href":"https:\/\/www.huittmp.com\/sivut\/wp-json\/wp\/v2\/types\/page"}],"author":[{"embeddable":true,"href":"https:\/\/www.huittmp.com\/sivut\/wp-json\/wp\/v2\/users\/1"}],"replies":[{"embeddable":true,"href":"https:\/\/www.huittmp.com\/sivut\/wp-json\/wp\/v2\/comments?post=44"}],"version-history":[{"count":15,"href":"https:\/\/www.huittmp.com\/sivut\/wp-json\/wp\/v2\/pages\/44\/revisions"}],"predecessor-version":[{"id":3538,"href":"https:\/\/www.huittmp.com\/sivut\/wp-json\/wp\/v2\/pages\/44\/revisions\/3538"}],"up":[{"embeddable":true,"href":"https:\/\/www.huittmp.com\/sivut\/wp-json\/wp\/v2\/pages\/5"}],"wp:attachment":[{"href":"https:\/\/www.huittmp.com\/sivut\/wp-json\/wp\/v2\/media?parent=44"}],"curies":[{"name":"wp","href":"https:\/\/api.w.org\/{rel}","templated":true}]}}