{"id":3991,"date":"2025-04-28T21:46:12","date_gmt":"2025-04-28T18:46:12","guid":{"rendered":"https:\/\/www.huittmp.com\/sivut\/?page_id=3991"},"modified":"2025-04-28T23:00:26","modified_gmt":"2025-04-28T20:00:26","slug":"reissulasse-2025","status":"publish","type":"page","link":"https:\/\/www.huittmp.com\/sivut\/kilpailut\/reissulasse-2025\/","title":{"rendered":"Reissulasse 2025"},"content":{"rendered":"<div data-canvas-width=\"561.8341952100352\">\n<h4>Reissulasse-kilpailu 2025<\/h4>\n<h5>Kilpailun kohteet<\/h5>\n<p>Kuvauskohteina on entisten kokoontumisajojen paikkakuntia ja Aalto-arkkitehtuurikohteita. Kohteita on yhteens\u00e4 31 kpl.<\/p>\n<\/div>\n<div data-canvas-width=\"315.0497425628447\">\n<h5>Palkinnot<\/h5>\n<\/div>\n<div data-canvas-width=\"315.0497425628447\">Eniten kohteita hakeneet palkitaan 100 euron Motonet-lahjakortilla ja kakkossijasta helti\u00e4\u00e4 50 euron Motonet-lahjakortti.<\/div>\n<div data-canvas-width=\"315.0497425628447\">Jos esim. kaksi osallistujaa k\u00e4y hakemassa eniten kohteita eli tasatulos k\u00e4rjess\u00e4, molemmat palkitaan 100 euron lahjakortilla.<\/div>\n<div data-canvas-width=\"315.0497425628447\">Sama systeemi on my\u00f6s kakkossijan kohdalla.<\/div>\n<div data-canvas-width=\"529.8057141793136\">T\u00e4n\u00e4k\u00e4\u00e4n vuonna ei ole perinteist\u00e4 lohdutuspalkintoarvontaa etuk\u00e4teen m\u00e4\u00e4r\u00e4tyll\u00e4 minimikohdem\u00e4\u00e4r\u00e4ll\u00e4.<\/div>\n<div data-canvas-width=\"529.8057141793136\">Kannattaa silti osallistua, vaikka ei kaikkia kohteita hakisikaan.<\/div>\n<div data-canvas-width=\"529.8057141793136\">\n<h5><\/h5>\n<h5>Valokuvat<\/h5>\n<p>Kisavalokuvat l\u00e4hetet\u00e4\u00e4n s\u00e4hk\u00f6postilla kuvathuittmp@gmail.com ajokauden loppuun menness\u00e4. Tarkempi m\u00e4\u00e4r\u00e4p\u00e4iv\u00e4 ilmoitetaan l\u00e4hemp\u00e4n\u00e4 syksy\u00e4.<\/p>\n<p>Valokuvassa pit\u00e4\u00e4 olla paikkakunnan nimi esim. opastaulussa tai yrityksen kyltiss\u00e4 ja jos Aalto -kohteista ei vastaavaa l\u00f6ydy, niin mainitse kuvan palautuksen yhteydess\u00e4 mik\u00e4 kohde on kuvassa.<br \/>\nKuvassa pit\u00e4\u00e4 n\u00e4ky\u00e4 my\u00f6s osallistujan moottoripy\u00f6r\u00e4 ja\/tai osallistuja ajopuku p\u00e4\u00e4ll\u00e4.<\/p>\n<\/div>\n<div data-canvas-width=\"529.8057141793136\">\n<div data-canvas-width=\"571.067738426585\">Laita viestiin maininta Reissulasse 2025 ja oma nimesi.<\/div>\n<div data-canvas-width=\"571.067738426585\">Kilpailuun osallistuvat antavat luvan kuvien k\u00e4ytt\u00f6\u00f6n HuittMp:n nettisivuilla ja julkaisuissa.<\/div>\n<div data-canvas-width=\"529.8057141793136\"><\/div>\n<h5><\/h5>\n<h5>Kokoontumisajopaikkakunnat<\/h5>\n<div data-canvas-width=\"159.47916329496775\">Somero (Ressu-meeting)<\/div>\n<div data-canvas-width=\"151.6964298105928\">Rym\u00e4ttyl\u00e4 (Saaristoajo)<\/div>\n<div data-canvas-width=\"130.25461227899808\">Lemi (Willimiesajo)<\/div>\n<div data-canvas-width=\"161.0280994237017\">Savonlinna (Linnareissu)<\/div>\n<div data-canvas-width=\"175.28136859388206\">Pyh\u00e4lt\u00f6 (Turkian lintukoto)<\/div>\n<div data-canvas-width=\"164.7547786346392\">Hailuoto (Marjaniemiajo)<\/div>\n<div data-canvas-width=\"211.2032125313821\">J\u00e4rvenp\u00e4\u00e4 (Motokennel meeting)<\/div>\n<div data-canvas-width=\"167.05198254666243\">Tammela (Ruostej\u00e4rviajo)<\/div>\n<div data-canvas-width=\"139.42097058437497\">Muhos (Mongrel run)<\/div>\n<div data-canvas-width=\"164.4622087640625\">Himanka (Kokko-treffen)<\/div>\n<div data-canvas-width=\"160.22181672261598\">Viljakkala (Rutakkoralli)<\/div>\n<div data-canvas-width=\"138.05294119748388\">Alavus (Kymppiralli)<\/div>\n<div data-canvas-width=\"180.24320427322488\">Janakkala (H\u00e4mpy meeting)<\/div>\n<div data-canvas-width=\"166.9269073771714\">Eura (Sieravuori meeting)<\/div>\n<div data-canvas-width=\"182.31801765638207\">Suolahti (Kokkoontumisajo)<\/div>\n<div data-canvas-width=\"166.39635151167852\">Uusikaupunki (Karjuralli)<\/div>\n<div data-canvas-width=\"114.1676348105928\">Rauma (Pitsiralli)<\/div>\n<div data-canvas-width=\"139.7728030215303\">Orimattila (Hirviralli)<\/div>\n<div data-canvas-width=\"149.69522679531252\">Valkeala (Hukkareissu)<\/div>\n<div data-canvas-width=\"222.81524303749998\">Keuruu (Keuruun kokoontuminen)<\/div>\n<div data-canvas-width=\"153.1895343989143\">Kuopio (Puijo-meeting)<\/div>\n<div data-canvas-width=\"178.98683806297677\">Pietarsaari (Jeppis-meeting)<\/div>\n<div data-canvas-width=\"195.6589553364143\">Saarij\u00e4rvi (Saarij\u00e4rvi-meeting)<\/div>\n<div data-canvas-width=\"195.6589553364143\"><\/div>\n<h5><\/h5>\n<h5>Aalto-kohteet<\/h5>\n<div data-canvas-width=\"327.13980352118557\">Sunilan asuinalue, Kotka (1936, valm: 1938\u20131954)<\/div>\n<div data-canvas-width=\"524.5768851100354\">Paimion parantola, Paimio (1928, valm: 1933, 1958 laajennus, 1962 Kyykartano)<\/div>\n<div data-canvas-width=\"350.17640767539626\">S\u00e4yn\u00e4tsalon kunnantalo, Jyv\u00e4skyl\u00e4 (1949, valm: 1952)<\/div>\n<div data-canvas-width=\"319.38389413429445\">Aalto-keskus, Sein\u00e4joki (1951, valm: 1960\u20131988)<\/div>\n<div data-canvas-width=\"353.41058384557664\">Muuratsalon koetalo, Jyv\u00e4skyl\u00e4 (1952, valm. 1953\u201354)<\/div>\n<div data-canvas-width=\"327.93049082009986\">Aalto-kampus, Jyv\u00e4skyl\u00e4 (1951, valm. 1954\u20131971)<\/div>\n<div data-canvas-width=\"310.10805609353736\">Kolmen ristin kirkko, Imatra (1955, valm. 1958)<\/div>\n<div data-canvas-width=\"241.3322973204446\">Villa Mairea, Pori (1937, valm. 1939)<\/div>\n<\/div>\n<h5><\/h5>\n<h5>Kilpailuohjeet<\/h5>\n<p style=\"padding-left: 40px;\">Aja moottoripy\u00f6r\u00e4ll\u00e4 kohteeseen ja ota kuva, jossa n\u00e4yt joko itse ajovarusteissa tai moottoripy\u00f6r\u00e4si kohteen kanssa.<\/p>\n<p style=\"padding-left: 40px;\">Jos kohde on tarkkaan m\u00e4\u00e4ritelty rakennus, riitt\u00e4\u00e4 kuva kohteen kanssa. Kohteen ollessa esimerkiksi kunta tai kaupunki, pit\u00e4\u00e4 kuvassa n\u00e4ky\u00e4 kyseisen kunnan tai kaupungin nimi. T\u00e4ss\u00e4 tapauksessa nimi voi olla kunnan rajakyltiss\u00e4, infotaulussa, paikan p\u00e4\u00e4ll\u00e4 olevassa mainoksessa, paikallisen yrityksen nimess\u00e4 tms.<\/p>\n<p style=\"padding-left: 40px;\">Alla esimerkkej\u00e4 hyv\u00e4ksytyist\u00e4 kuvista.<\/p>\n<div class=\"mceTemp\"><\/div>\n<figure id=\"attachment_3148\" aria-describedby=\"caption-attachment-3148\" style=\"width: 450px\" class=\"wp-caption aligncenter\"><img loading=\"lazy\" decoding=\"async\" class=\"wp-image-3148 size-large\" src=\"https:\/\/www.huittmp.com\/sivut\/wp-content\/uploads\/2019\/04\/esimerkki1-450x600.jpg\" alt=\"\" width=\"450\" height=\"600\" srcset=\"https:\/\/www.huittmp.com\/sivut\/wp-content\/uploads\/2019\/04\/esimerkki1-450x600.jpg 450w, https:\/\/www.huittmp.com\/sivut\/wp-content\/uploads\/2019\/04\/esimerkki1-113x150.jpg 113w, https:\/\/www.huittmp.com\/sivut\/wp-content\/uploads\/2019\/04\/esimerkki1-225x300.jpg 225w, https:\/\/www.huittmp.com\/sivut\/wp-content\/uploads\/2019\/04\/esimerkki1.jpg 600w\" sizes=\"(max-width: 450px) 100vw, 450px\" \/><figcaption id=\"caption-attachment-3148\" class=\"wp-caption-text\">Esimerkkikuva 1, kun kohde on esimerkiksi kunta. Museon nimess\u00e4 n\u00e4kyy selv\u00e4sti kunnan nimi.<\/figcaption><\/figure>\n<figure id=\"attachment_3149\" aria-describedby=\"caption-attachment-3149\" style=\"width: 600px\" class=\"wp-caption aligncenter\"><img loading=\"lazy\" decoding=\"async\" class=\"wp-image-3149 size-large\" src=\"https:\/\/www.huittmp.com\/sivut\/wp-content\/uploads\/2019\/04\/esimerkki2-600x450.jpg\" alt=\"\" width=\"600\" height=\"450\" srcset=\"https:\/\/www.huittmp.com\/sivut\/wp-content\/uploads\/2019\/04\/esimerkki2-600x450.jpg 600w, https:\/\/www.huittmp.com\/sivut\/wp-content\/uploads\/2019\/04\/esimerkki2-150x113.jpg 150w, https:\/\/www.huittmp.com\/sivut\/wp-content\/uploads\/2019\/04\/esimerkki2-300x225.jpg 300w, https:\/\/www.huittmp.com\/sivut\/wp-content\/uploads\/2019\/04\/esimerkki2.jpg 800w\" sizes=\"(max-width: 600px) 100vw, 600px\" \/><figcaption id=\"caption-attachment-3149\" class=\"wp-caption-text\">Esimerkkikuva 2, kun kohde on m\u00e4\u00e4ritelty rakennus.<\/figcaption><\/figure>\n<figure id=\"attachment_3150\" aria-describedby=\"caption-attachment-3150\" style=\"width: 450px\" class=\"wp-caption aligncenter\"><img loading=\"lazy\" decoding=\"async\" class=\"wp-image-3150 size-large\" src=\"https:\/\/www.huittmp.com\/sivut\/wp-content\/uploads\/2019\/04\/esimerkki3-450x600.jpg\" alt=\"\" width=\"450\" height=\"600\" srcset=\"https:\/\/www.huittmp.com\/sivut\/wp-content\/uploads\/2019\/04\/esimerkki3-450x600.jpg 450w, https:\/\/www.huittmp.com\/sivut\/wp-content\/uploads\/2019\/04\/esimerkki3-113x150.jpg 113w, https:\/\/www.huittmp.com\/sivut\/wp-content\/uploads\/2019\/04\/esimerkki3-225x300.jpg 225w, https:\/\/www.huittmp.com\/sivut\/wp-content\/uploads\/2019\/04\/esimerkki3.jpg 600w\" sizes=\"(max-width: 450px) 100vw, 450px\" \/><figcaption id=\"caption-attachment-3150\" class=\"wp-caption-text\">Esimerkkikuva 3, kuvassa voi olla motoristi, moottoripy\u00f6r\u00e4 tai molemmat kohteen kanssa.<\/figcaption><\/figure>\n<p>&nbsp;<\/p>\n","protected":false},"excerpt":{"rendered":"<p>Reissulasse-kilpailu 2025 Kilpailun kohteet Kuvauskohteina on entisten kokoontumisajojen paikkakuntia ja Aalto-arkkitehtuurikohteita. Kohteita on yhteens\u00e4 31 kpl. Palkinnot Eniten kohteita hakeneet palkitaan 100 euron Motonet-lahjakortilla ja kakkossijasta helti\u00e4\u00e4 50 euron Motonet-lahjakortti.&hellip; <a class=\"read-more\" href=\"https:\/\/www.huittmp.com\/sivut\/kilpailut\/reissulasse-2025\/\" title=\"Reissulasse 2025\"><i class=\"fa fa-arrow-right\"><\/i><\/a><\/p>\n","protected":false},"author":3,"featured_media":0,"parent":563,"menu_order":0,"comment_status":"closed","ping_status":"closed","template":"","meta":{"footnotes":""},"yoast_head":"<!-- This site is optimized with the Yoast SEO plugin v21.9.1 - https:\/\/yoast.com\/wordpress\/plugins\/seo\/ -->\n<title>Reissulasse 2025 - HUITTISTEN MOOTTORIPY\u00d6R\u00c4ILIJ\u00c4T RY.<\/title>\n<meta name=\"robots\" content=\"index, follow, max-snippet:-1, max-image-preview:large, max-video-preview:-1\" \/>\n<link rel=\"canonical\" href=\"https:\/\/www.huittmp.com\/sivut\/kilpailut\/reissulasse-2025\/\" \/>\n<meta property=\"og:locale\" content=\"fi_FI\" \/>\n<meta property=\"og:type\" content=\"article\" \/>\n<meta property=\"og:title\" content=\"Reissulasse 2025 - HUITTISTEN MOOTTORIPY\u00d6R\u00c4ILIJ\u00c4T RY.\" \/>\n<meta property=\"og:description\" content=\"Reissulasse-kilpailu 2025 Kilpailun kohteet Kuvauskohteina on entisten kokoontumisajojen paikkakuntia ja Aalto-arkkitehtuurikohteita. Kohteita on yhteens\u00e4 31 kpl. Palkinnot Eniten kohteita hakeneet palkitaan 100 euron Motonet-lahjakortilla ja kakkossijasta helti\u00e4\u00e4 50 euron Motonet-lahjakortti.&hellip;\" \/>\n<meta property=\"og:url\" content=\"https:\/\/www.huittmp.com\/sivut\/kilpailut\/reissulasse-2025\/\" \/>\n<meta property=\"og:site_name\" content=\"HUITTISTEN MOOTTORIPY\u00d6R\u00c4ILIJ\u00c4T RY.\" \/>\n<meta property=\"article:modified_time\" content=\"2025-04-28T20:00:26+00:00\" \/>\n<meta property=\"og:image\" content=\"https:\/\/www.huittmp.com\/sivut\/wp-content\/uploads\/2019\/04\/esimerkki1-450x600.jpg\" \/>\n<meta name=\"twitter:card\" content=\"summary_large_image\" \/>\n<meta name=\"twitter:label1\" content=\"Arvioitu lukuaika\" \/>\n\t<meta name=\"twitter:data1\" content=\"3 minuuttia\" \/>\n<script type=\"application\/ld+json\" class=\"yoast-schema-graph\">{\"@context\":\"https:\/\/schema.org\",\"@graph\":[{\"@type\":\"WebPage\",\"@id\":\"https:\/\/www.huittmp.com\/sivut\/kilpailut\/reissulasse-2025\/\",\"url\":\"https:\/\/www.huittmp.com\/sivut\/kilpailut\/reissulasse-2025\/\",\"name\":\"Reissulasse 2025 - HUITTISTEN MOOTTORIPY\u00d6R\u00c4ILIJ\u00c4T RY.\",\"isPartOf\":{\"@id\":\"https:\/\/www.huittmp.com\/sivut\/#website\"},\"datePublished\":\"2025-04-28T18:46:12+00:00\",\"dateModified\":\"2025-04-28T20:00:26+00:00\",\"breadcrumb\":{\"@id\":\"https:\/\/www.huittmp.com\/sivut\/kilpailut\/reissulasse-2025\/#breadcrumb\"},\"inLanguage\":\"fi\",\"potentialAction\":[{\"@type\":\"ReadAction\",\"target\":[\"https:\/\/www.huittmp.com\/sivut\/kilpailut\/reissulasse-2025\/\"]}]},{\"@type\":\"BreadcrumbList\",\"@id\":\"https:\/\/www.huittmp.com\/sivut\/kilpailut\/reissulasse-2025\/#breadcrumb\",\"itemListElement\":[{\"@type\":\"ListItem\",\"position\":1,\"name\":\"Home\",\"item\":\"https:\/\/www.huittmp.com\/sivut\/\"},{\"@type\":\"ListItem\",\"position\":2,\"name\":\"Kilpailut\",\"item\":\"https:\/\/www.huittmp.com\/sivut\/kilpailut\/\"},{\"@type\":\"ListItem\",\"position\":3,\"name\":\"Reissulasse 2025\"}]},{\"@type\":\"WebSite\",\"@id\":\"https:\/\/www.huittmp.com\/sivut\/#website\",\"url\":\"https:\/\/www.huittmp.com\/sivut\/\",\"name\":\"HUITTISTEN MOOTTORIPY\u00d6R\u00c4ILIJ\u00c4T RY.\",\"description\":\"Moottoripy\u00f6r\u00e4ily\u00e4 vuodesta 1979\",\"potentialAction\":[{\"@type\":\"SearchAction\",\"target\":{\"@type\":\"EntryPoint\",\"urlTemplate\":\"https:\/\/www.huittmp.com\/sivut\/?s={search_term_string}\"},\"query-input\":\"required name=search_term_string\"}],\"inLanguage\":\"fi\"}]}<\/script>\n<!-- \/ Yoast SEO plugin. -->","yoast_head_json":{"title":"Reissulasse 2025 - HUITTISTEN MOOTTORIPY\u00d6R\u00c4ILIJ\u00c4T RY.","robots":{"index":"index","follow":"follow","max-snippet":"max-snippet:-1","max-image-preview":"max-image-preview:large","max-video-preview":"max-video-preview:-1"},"canonical":"https:\/\/www.huittmp.com\/sivut\/kilpailut\/reissulasse-2025\/","og_locale":"fi_FI","og_type":"article","og_title":"Reissulasse 2025 - HUITTISTEN MOOTTORIPY\u00d6R\u00c4ILIJ\u00c4T RY.","og_description":"Reissulasse-kilpailu 2025 Kilpailun kohteet Kuvauskohteina on entisten kokoontumisajojen paikkakuntia ja Aalto-arkkitehtuurikohteita. Kohteita on yhteens\u00e4 31 kpl. Palkinnot Eniten kohteita hakeneet palkitaan 100 euron Motonet-lahjakortilla ja kakkossijasta helti\u00e4\u00e4 50 euron Motonet-lahjakortti.&hellip;","og_url":"https:\/\/www.huittmp.com\/sivut\/kilpailut\/reissulasse-2025\/","og_site_name":"HUITTISTEN MOOTTORIPY\u00d6R\u00c4ILIJ\u00c4T RY.","article_modified_time":"2025-04-28T20:00:26+00:00","og_image":[{"url":"https:\/\/www.huittmp.com\/sivut\/wp-content\/uploads\/2019\/04\/esimerkki1-450x600.jpg"}],"twitter_card":"summary_large_image","twitter_misc":{"Arvioitu lukuaika":"3 minuuttia"},"schema":{"@context":"https:\/\/schema.org","@graph":[{"@type":"WebPage","@id":"https:\/\/www.huittmp.com\/sivut\/kilpailut\/reissulasse-2025\/","url":"https:\/\/www.huittmp.com\/sivut\/kilpailut\/reissulasse-2025\/","name":"Reissulasse 2025 - HUITTISTEN MOOTTORIPY\u00d6R\u00c4ILIJ\u00c4T RY.","isPartOf":{"@id":"https:\/\/www.huittmp.com\/sivut\/#website"},"datePublished":"2025-04-28T18:46:12+00:00","dateModified":"2025-04-28T20:00:26+00:00","breadcrumb":{"@id":"https:\/\/www.huittmp.com\/sivut\/kilpailut\/reissulasse-2025\/#breadcrumb"},"inLanguage":"fi","potentialAction":[{"@type":"ReadAction","target":["https:\/\/www.huittmp.com\/sivut\/kilpailut\/reissulasse-2025\/"]}]},{"@type":"BreadcrumbList","@id":"https:\/\/www.huittmp.com\/sivut\/kilpailut\/reissulasse-2025\/#breadcrumb","itemListElement":[{"@type":"ListItem","position":1,"name":"Home","item":"https:\/\/www.huittmp.com\/sivut\/"},{"@type":"ListItem","position":2,"name":"Kilpailut","item":"https:\/\/www.huittmp.com\/sivut\/kilpailut\/"},{"@type":"ListItem","position":3,"name":"Reissulasse 2025"}]},{"@type":"WebSite","@id":"https:\/\/www.huittmp.com\/sivut\/#website","url":"https:\/\/www.huittmp.com\/sivut\/","name":"HUITTISTEN MOOTTORIPY\u00d6R\u00c4ILIJ\u00c4T RY.","description":"Moottoripy\u00f6r\u00e4ily\u00e4 vuodesta 1979","potentialAction":[{"@type":"SearchAction","target":{"@type":"EntryPoint","urlTemplate":"https:\/\/www.huittmp.com\/sivut\/?s={search_term_string}"},"query-input":"required name=search_term_string"}],"inLanguage":"fi"}]}},"_links":{"self":[{"href":"https:\/\/www.huittmp.com\/sivut\/wp-json\/wp\/v2\/pages\/3991"}],"collection":[{"href":"https:\/\/www.huittmp.com\/sivut\/wp-json\/wp\/v2\/pages"}],"about":[{"href":"https:\/\/www.huittmp.com\/sivut\/wp-json\/wp\/v2\/types\/page"}],"author":[{"embeddable":true,"href":"https:\/\/www.huittmp.com\/sivut\/wp-json\/wp\/v2\/users\/3"}],"replies":[{"embeddable":true,"href":"https:\/\/www.huittmp.com\/sivut\/wp-json\/wp\/v2\/comments?post=3991"}],"version-history":[{"count":1,"href":"https:\/\/www.huittmp.com\/sivut\/wp-json\/wp\/v2\/pages\/3991\/revisions"}],"predecessor-version":[{"id":3993,"href":"https:\/\/www.huittmp.com\/sivut\/wp-json\/wp\/v2\/pages\/3991\/revisions\/3993"}],"up":[{"embeddable":true,"href":"https:\/\/www.huittmp.com\/sivut\/wp-json\/wp\/v2\/pages\/563"}],"wp:attachment":[{"href":"https:\/\/www.huittmp.com\/sivut\/wp-json\/wp\/v2\/media?parent=3991"}],"curies":[{"name":"wp","href":"https:\/\/api.w.org\/{rel}","templated":true}]}}