{"id":222,"date":"2015-02-05T17:20:51","date_gmt":"2015-02-05T15:20:51","guid":{"rendered":"http:\/\/huittmp.piiri.net\/pages\/?page_id=222"},"modified":"2024-02-05T17:04:10","modified_gmt":"2024-02-05T14:04:10","slug":"menneet-tapahtumat","status":"publish","type":"page","link":"https:\/\/www.huittmp.com\/sivut\/valokuvia-tapahtumista\/menneet-tapahtumat\/","title":{"rendered":"Menneet tapahtumat"},"content":{"rendered":"<p>Huittisten Moottoripy\u00f6r\u00e4ilij\u00e4t ry. j\u00e4rjest\u00e4\u00e4 toimintaa ymp\u00e4ri vuoden niin ajokaudella kuin sen ulkopuolellakin. Alla yhdistyksen menneit\u00e4 tapahtumia viime vuosilta.<\/p>\n<h5>Tapahtumia vuonna 2024<\/h5>\n<ul>\n<li>2.2.2024 Messureissu MP 24 moottoripy\u00f6r\u00e4messuille.<\/li>\n<\/ul>\n<h5>Tapahtumia vuonna 2023<\/h5>\n<ul>\n<li>25.11.2023 Ajokauden p\u00e4\u00e4tt\u00e4j\u00e4iset<\/li>\n<li>11.6.2023 Ajelu Cafe L\u00e4ttikselle<\/li>\n<li>25.5.2023 Ajelu Nakkilan Verstaalle<\/li>\n<li><a href=\"https:\/\/www.huittmp.com\/sivut\/2023\/05\/21\/ruosteenpoisto-21-5-2023\/\">21.5.2023 Ruosteenpoisto<\/a><\/li>\n<li>13.5.2023 Kimppa-ajelu Suzuki-moottoripy\u00f6rien koeajop\u00e4iville<\/li>\n<li><a href=\"https:\/\/www.huittmp.com\/sivut\/2023\/05\/12\/hullu-yo-tapahtuma-2023\/\">12.5.2023 Hullu Y\u00f6-tapahtuma Huittisisissa<\/a><\/li>\n<li>11.2.2023 Vuosikokous<\/li>\n<li>3.2.2023 Messureissu MP-messuille<\/li>\n<li>14.1.2023 Keilausilta<\/li>\n<\/ul>\n<h5>Tapahtumia vuonna 2022<\/h5>\n<ul>\n<li><a href=\"https:\/\/www.huittmp.com\/sivut\/2022\/05\/15\/ruosteenpoisto-15-5-2022\/\">15.5.2022<\/a><a href=\"https:\/\/www.huittmp.com\/sivut\/2022\/05\/15\/ruosteenpoisto-15-5-2022\/\"> Ruosteenpoisto yhteisty\u00f6ss\u00e4 Porin Konepy\u00f6r\u00e4klubin kanssa<\/a><\/li>\n<li><a href=\"https:\/\/www.huittmp.com\/sivut\/2022\/03\/30\/siivoustalkoot-23-4\/\">23.4.2022<\/a><a href=\"https:\/\/www.huittmp.com\/sivut\/2022\/03\/30\/siivoustalkoot-23-4\/\"> Siivoustalkoot <\/a><\/li>\n<li>5.3.2022 Vuosikokous<\/li>\n<li><a href=\"https:\/\/www.huittmp.com\/sivut\/2021\/12\/26\/keilausilta-8-1-2022\/\">8.1.2022<\/a><a href=\"https:\/\/www.huittmp.com\/sivut\/2021\/12\/26\/keilausilta-8-1-2022\/\"> Keilausilta <\/a><\/li>\n<\/ul>\n<h5>Tapahtumia vuonna 2021<\/h5>\n<ul>\n<li>11.12.2021 Ajokauden p\u00e4\u00e4tt\u00e4j\u00e4iset<\/li>\n<li><a href=\"https:\/\/www.huittmp.com\/sivut\/2021\/10\/17\/siivoustalkoot-30-10-2021\/\">30.10.2021<\/a><a href=\"https:\/\/www.huittmp.com\/sivut\/2021\/10\/17\/siivoustalkoot-30-10-2021\/\"> Siivoustalkoot <\/a><\/li>\n<li>13.2.2021 Vuosikokous<\/li>\n<li><a href=\"https:\/\/www.huittmp.com\/sivut\/2021\/04\/26\/ruosteenpoisto-5-6-2021\/\">5.6.2021 Ruosteenpoisto Pes\u00e4m\u00e4en Moottoriurheilukeskuksessa<\/a><\/li>\n<li>6.6.2021 Kerhoajelu Varsinais-Suomeen.<\/li>\n<\/ul>\n<h5>Tapahtumia vuonna 2020<\/h5>\n<ul>\n<li><a href=\"https:\/\/www.huittmp.com\/sivut\/2020\/09\/13\/ajokauden-paattajaiset-21-11\/\">21.11.2020 Ajokauden p\u00e4\u00e4tt\u00e4j\u00e4iset<\/a><\/li>\n<li><a href=\"https:\/\/www.huittmp.com\/sivut\/2020\/09\/13\/siivoustalkoot-10-10\/\">10.10. 2020 Siivoustalkoot syksyll\u00e4<\/a><\/li>\n<li><a href=\"https:\/\/www.huittmp.com\/sivut\/2020\/08\/16\/kesaretki-2020\/\">16.-17.8.2020 Kes\u00e4retki Toivakkaan<\/a><\/li>\n<li><a href=\"https:\/\/www.huittmp.com\/sivut\/2020\/06\/13\/ruosteenpoisto-pesamaen-moottoriurheilukeskuksessa-13-6\/\">13.6.2020 Ruosteenpoisto Pes\u00e4m\u00e4en Moottoriurheilukeskuksella<\/a><\/li>\n<li><a href=\"https:\/\/www.huittmp.com\/sivut\/2020\/02\/01\/messureissu-mp20-messuille-1-2-2020\/\">1.2.2020 Messureissu MP20 moottoripy\u00f6r\u00e4messuille<\/a><\/li>\n<\/ul>\n<h5>Tapahtumia vuonna 2019<\/h5>\n<ul>\n<li><a href=\"https:\/\/www.huittmp.com\/sivut\/2019\/10\/18\/kerhon-40-vuotisjuhlat-19-10\/\">19.10.2019 Kerhon 40-vuotisjuhlat<\/a><\/li>\n<li>5.10.2019 Siivoustalkoot<\/li>\n<li><a href=\"https:\/\/www.huittmp.com\/sivut\/2019\/09\/14\/makkaranpaistoajelu-14-9\/\">14.9.2019 Makkaranpaistoajelu<\/a><\/li>\n<li><a href=\"https:\/\/www.huittmp.com\/sivut\/2019\/08\/16\/kesaretki-16-8-18-8-2019\/\">16.8.-18.8.2019 Kes\u00e4retki 2019<\/a><\/li>\n<li><a href=\"https:\/\/www.huittmp.com\/sivut\/2019\/07\/27\/ajelu-pirunvuoren-kivilinnaan-27-7\/\">27.7.2019 Ajelu Pirunvuorelle Sastamalaan<\/a><\/li>\n<li><a href=\"https:\/\/www.huittmp.com\/sivut\/2019\/05\/18\/ruosteenpoisto-2019\/\">18.5.2019 Ruosteenpoisto ja Ajokauden avajaiset<\/a><\/li>\n<li><a href=\"https:\/\/www.huittmp.com\/sivut\/2019\/04\/26\/vappukokoontuminen-1-5\/\">1.5.2019 Vappukokoontuminen Rekikoskella<\/a><\/li>\n<li><a href=\"https:\/\/www.huittmp.com\/sivut\/2019\/04\/25\/kerhoajelu-28-4\/\">28.4.2019 Kerhoajelu<\/a><\/li>\n<li><a href=\"https:\/\/www.huittmp.com\/sivut\/2019\/03\/27\/kevaiset-siivoustalkoot-13-4\/\">13.4.2019 Kev\u00e4iset siivoustalkoot<\/a><\/li>\n<li><a href=\"https:\/\/www.huittmp.com\/sivut\/2019\/03\/09\/vuosikokous-2019\/\">9.3.2019 Vuosikokous<\/a><\/li>\n<li><a href=\"http:\/\/www.huittmp.com\/sivut\/2019\/02\/02\/messureissu-mp19-moottoripyoramessuille-2-2-2019\/\">2.2.2019 Messureissu MP19 moottoripy\u00f6r\u00e4messuille<\/a><\/li>\n<li><a href=\"http:\/\/www.huittmp.com\/sivut\/2019\/01\/19\/keilausilta-19-1-2019\/\">19.1.2019 Keilausilta<\/a><\/li>\n<\/ul>\n<h5>Tapahtumia vuonna 2018<\/h5>\n<ul>\n<li><a href=\"http:\/\/www.huittmp.com\/sivut\/2018\/11\/10\/ajokauden-paattajaiset-10-11-2018\/\">10.11.2018 Ajokauden p\u00e4\u00e4tt\u00e4j\u00e4iset<\/a><\/li>\n<li><a href=\"http:\/\/www.huittmp.com\/sivut\/2018\/09\/17\/syksyiset-siivoustalkoot-6-10\/\">6.10.2018 Syksyiset siivoustalkoot<\/a><\/li>\n<li><a href=\"http:\/\/www.huittmp.com\/sivut\/2018\/09\/14\/makkaranpaistoajelu-16-9-2018\/\">16.9.2018 Syksyinen makkaranpaistoajelu<\/a><\/li>\n<li><a href=\"http:\/\/www.huittmp.com\/sivut\/2018\/07\/03\/kesaretki-29-6-1-7-2018\/\">29.6.-1.7.2018 Kes\u00e4retki Varsinais-Suomeen ja Uudellemaalle<\/a><\/li>\n<li><a href=\"http:\/\/www.huittmp.com\/sivut\/2018\/05\/27\/kerho-mukana-huittisten-vanhat-koneet-tapahtumassa\/\">27.5.2018 Huittisten Vanhat Koneet-tapahtuma<\/a><\/li>\n<li><a href=\"http:\/\/www.huittmp.com\/sivut\/2018\/04\/23\/kokoontuminen-vappuna\/\">1.5.2018 Vappukokoontuminen Rekikosken kyl\u00e4talolla<\/a><\/li>\n<li><a href=\"http:\/\/www.huittmp.com\/sivut\/2018\/04\/21\/ylimaarainen-vuosikokous-ja-ajokauden-avajaiset-21-4-2017\/\">21.4.2018 Ylim\u00e4\u00e4r\u00e4inen vuosikokous ja Ajokauden avajaiset<\/a><\/li>\n<li><a href=\"http:\/\/www.huittmp.com\/sivut\/2018\/03\/19\/kevaiset-siivoustalkoot-7-4-2018\/\">7.4.2018 Kev\u00e4iset siivoustalkoot<\/a><\/li>\n<li>17.3.2018 Saunailta<\/li>\n<li>17.2.2018 Vuosikokous<\/li>\n<li><a href=\"http:\/\/www.huittmp.com\/sivut\/2018\/02\/03\/messureissu-mp18-messuille-3-2-2018\/\">3.2.2018 Messureissu MP18-moottoripy\u00f6r\u00e4messuille<\/a><\/li>\n<li><a href=\"http:\/\/www.huittmp.com\/sivut\/2018\/01\/13\/hohtokeilaus-13-1-2018\/\">13.1.2018 Hohtokeilaus<\/a><\/li>\n<\/ul>\n<h5>Tapahtumia vuonna 2017<\/h5>\n<ul>\n<li><a href=\"http:\/\/www.huittmp.com\/sivut\/2017\/11\/18\/ajokauden-paattajaiset-18-11-2017\/\">18.11.2017 Ajokauden p\u00e4\u00e4tt\u00e4j\u00e4iset<\/a><\/li>\n<li><a href=\"http:\/\/www.huittmp.com\/sivut\/2017\/10\/02\/siivoustalkoot-28-10\/\">28.10.2017 Siivoustalkoot<\/a><\/li>\n<li><a href=\"http:\/\/www.huittmp.com\/sivut\/2017\/09\/30\/makkaranpaistoajelu-30-09\/\">30.9.2017 Syksyinen Makkaranpaistoajelu<\/a><\/li>\n<li><a href=\"http:\/\/www.huittmp.com\/sivut\/2017\/08\/25\/kesaretki-vierumaelle-25-27-8\/\">25.8.-27.8.2017 Kes\u00e4retki Vierum\u00e4elle<\/a><\/li>\n<li><a href=\"http:\/\/www.huittmp.com\/sivut\/2017\/05\/07\/kevatretki-himokselle-20-5-21-5\/\">20.5.-21.5.2017 Kev\u00e4tretki Himokselle<\/a><\/li>\n<li><a href=\"http:\/\/www.huittmp.com\/sivut\/2017\/05\/06\/ruosteenpoisto-2017\/\">6.5.2017 Ruosteenpoisto<\/a><\/li>\n<li>22.4.2017 Ajokauden avajaiset<\/li>\n<li>1.4.2017 Kerhotilojen siivoustalkoot<\/li>\n<li><a href=\"http:\/\/www.huittmp.com\/sivut\/2017\/02\/07\/vuosikokous-2017\/\">25.2.2017 Vuosikokous ja peli-ilta<\/a><\/li>\n<li><a href=\"http:\/\/www.huittmp.com\/sivut\/2017\/02\/04\/messureissu-mp17-moottoripyoramessuille\/\">4.2.2017 Messureissu MP17-moottoripy\u00f6r\u00e4messuille<\/a><\/li>\n<li><a href=\"http:\/\/www.huittmp.com\/sivut\/2016\/12\/16\/toiminnan-suunnitteluilta-21-1\/\">21.1.2017 Toiminnan suunnitteluilta<\/a><\/li>\n<\/ul>\n<h5>Tapahtumia vuonna 2016<\/h5>\n<ul>\n<li><a href=\"http:\/\/www.huittmp.com\/sivut\/2016\/09\/20\/ajokauden-paattajaiset-2\/\">19.11.2016 Ajokauden p\u00e4\u00e4tt\u00e4j\u00e4iset<\/a><\/li>\n<li><a href=\"http:\/\/www.huittmp.com\/sivut\/2016\/09\/19\/syystalkoot\/\">15.10.2016 Syystalkoot<\/a><\/li>\n<li><a href=\"http:\/\/www.huittmp.com\/sivut\/2016\/09\/02\/makkaranpaistoajelu-2\/\">4.9.2016 Makkaranpaistoajelu<\/a><\/li>\n<li><a href=\"http:\/\/www.huittmp.com\/sivut\/2016\/08\/29\/kesaretki-2016\/\">26.8.-28.8.2016 Kes\u00e4retki 2016 Wanhoille Vehkeille Karstulaan<\/a><\/li>\n<li><a href=\"http:\/\/www.huittmp.com\/sivut\/2016\/05\/21\/kevatretki-2016\/\">21.5.-22.5.2016 Kev\u00e4tretki\u00a0H\u00e4meen linnaan ja Suomen Valimomuseoon<\/a><\/li>\n<li><a href=\"http:\/\/www.huittmp.com\/sivut\/2016\/03\/26\/ruosteenpoisto\/\">14.5.2016 Ruosteenpoisto<\/a><\/li>\n<li><a href=\"http:\/\/www.huittmp.com\/sivut\/2016\/04\/27\/tutustumiskaynti-konepyoraklubille\/\">5.5.2016 Tutustumisk\u00e4ynti Konepy\u00f6r\u00e4klubille<\/a><\/li>\n<li><a href=\"http:\/\/www.huittmp.com\/sivut\/2016\/04\/21\/vappuajelu\/\">1.5.2016 Vappuajelu Rekikoskelle<\/a><\/li>\n<li>23.4.2016 Siivoustalkoot<\/li>\n<li>20.3.2016 Ylim\u00e4\u00e4r\u00e4inen vuosikokous<\/li>\n<li>6.2.2016 Messureissu MP16-messuille<\/li>\n<li>23.1.2016 Vuosikokous ja peli-ilta<\/li>\n<\/ul>\n<h5>Tapahtumia vuonna 2015<\/h5>\n<ul>\n<li>5.12.2015 <a href=\"http:\/\/www.huittmp.com\/sivut\/2015\/12\/05\/ajokauden-paattajaiset\/\">Ajokauden p\u00e4\u00e4tt\u00e4j\u00e4iset<\/a><\/li>\n<li>10.10.2015 Kerhotilojen siivoustalkoot<\/li>\n<li><a href=\"http:\/\/www.huittmp.com\/sivut\/2015\/09\/28\/makkaranpaistoajelu\/\">3.10.2015 Makkaranpaistoajelu<\/a><\/li>\n<li><a href=\"http:\/\/www.huittmp.com\/sivut\/2015\/09\/20\/syysajelu\/\">20.9.2015 Syysajelu<\/a><\/li>\n<li><a href=\"http:\/\/www.huittmp.com\/sivut\/2015\/08\/03\/kesaretki-2015\/\">31.7.-2.8. Kes\u00e4retki 2015 Keuruulle<\/a><\/li>\n<li><a href=\"http:\/\/www.huittmp.com\/sivut\/2015\/05\/25\/ruosteenpoisto-ja-kevatretki-2015\/\">23.5.-24.5.2015 Ruosteenpoisto ja Kev\u00e4tretki 2015<\/a><\/li>\n<li>16.5.2015 Yhteisajelu Hymyilev\u00e4n Motoristin Kev\u00e4tp\u00e4iv\u00e4 2015-tapahtumaan<\/li>\n<li><a href=\"http:\/\/www.huittmp.com\/sivut\/2015\/04\/28\/vappuajelu-kerholta\/\">1.5.2015 Vappuajelu Rekikoskelle<\/a><\/li>\n<li><a href=\"http:\/\/www.huittmp.com\/sivut\/2015\/04\/17\/siivoustalkoot\/\">25.4.2015 Kerhotilan siivoustalkoot ja vierailu Tyrw\u00e4\u00e4 TT-tapahtumassa<\/a><\/li>\n<li>11.4.2015 Ajokauden avajaiset<\/li>\n<li>24.1.2015 Vuosikokous<\/li>\n<\/ul>\n<h5>Tapahtumia vuonna 2014<\/h5>\n<ul>\n<li>31.8.2014 Syysajelu<\/li>\n<li>1.-3.8.2014 Kes\u00e4retki Parnuun<\/li>\n<li>24.5.2014 Kev\u00e4tretki Vaasan automuseoon ja Uusikaarlebyyhyyn<\/li>\n<\/ul>\n<h5>Tapahtumia vuonna 2013<\/h5>\n<ul>\n<li><a title=\"P\u00f6rin\u00e4p\u00e4iv\u00e4 2013 hangella\" href=\"https:\/\/picasaweb.google.com\/114089501364735840573\/PorinapaivaMaaliskuu2013\" target=\"_blank\" rel=\"noopener noreferrer\">P\u00f6rin\u00e4p\u00e4iv\u00e4 2013 hangella<\/a><\/li>\n<\/ul>\n<h5>Tapahtumia vuonna 2012<\/h5>\n<ul>\n<li><a title=\"S\u00e4nkip\u00e4iv\u00e4\" href=\"https:\/\/picasaweb.google.com\/114089501364735840573\/Sankipaiva892012?authuser=0&amp;authkey=Gv1sRgCLz9p6ix89W5_AE&amp;feat=directlink\" target=\"_blank\" rel=\"noopener noreferrer\">S\u00e4nkip\u00e4iv\u00e4 8.9.2012<\/a><\/li>\n<li>Kes\u00e4retki Alah\u00e4rm\u00e4\u00e4n 3-5.8.2012<\/li>\n<li>Iltap\u00e4iv\u00e4ajelu <a href=\"http:\/\/www.eurajoenpappamopokerho.com\/\">pappamopokerholle <\/a>Eurajoelle 18.8.2012<\/li>\n<li>Kes\u00e4retki Alah\u00e4rm\u00e4\u00e4n 3-5.8.2012<\/li>\n<li>Ruosteenpoisto 5.5.2012<\/li>\n<li>Ajokauden avajaiset 28.4.2012<\/li>\n<li><a href=\"https:\/\/picasaweb.google.com\/114089501364735840573\/Porinapaiva1922012\" target=\"_blank\" rel=\"noopener noreferrer\">P\u00f6rin\u00e4p\u00e4iv\u00e4 19.2.2012<\/a><\/li>\n<li><a href=\"https:\/\/picasaweb.google.com\/114089501364735840573\/MPNayttely2012\">MP-messumatka 4.2.2012<\/a><\/li>\n<li>Vuosikokous kerholla 8.1.2012<\/li>\n<\/ul>\n<h5>Tapahtumia vuonna 2011<\/h5>\n<ul>\n<li>Pikkujoulut kerholla 3.12.2011<\/li>\n<li>Ajokauden p\u00e4\u00e4tt\u00e4j\u00e4iset kerholla 1.10.2011<\/li>\n<li>Ilta-ajelu 10.8.2011 VaMP:in kanssa S\u00e4kyl\u00e4n Katismaan saareen.<\/li>\n<li>Siivoustalkoot kerholla 7.5.2011 klo 11.00 alkaen.<\/li>\n<li>Ruosteenpoisto 14.5.2011<\/li>\n<li>Ajokauden avajaiset 16.4.2011 Paukun m\u00f6kill\u00e4.<\/li>\n<li>Pilkkikilpailut 6.3.2011<\/li>\n<li>Matka MP11-n\u00e4yttelyyn 5.2.2011<\/li>\n<li>Vuosikokous 9.1.2011<\/li>\n<\/ul>\n<h5>Tapahtumia vuonna 2010<\/h5>\n<ul>\n<li>Pikkujoulut 4.12.2010<\/li>\n<li>Siivoustalkoot kerholla 20.11.2010<\/li>\n<li>SMOTO-risteily 6-7.11.2010<\/li>\n<li>Ajokauden p\u00e4\u00e4tt\u00e4j\u00e4iset 2.10.2010<\/li>\n<li>Kes\u00e4retki Mossalaan 6-8.8.2010<\/li>\n<li>Ilta-ajelu Leineperin ruukille 19.5.2010<\/li>\n<li>Ruosteenpoisto 15.5.2010<\/li>\n<li>Siivoustalkoot kerholla 8.5.2010.<\/li>\n<li>Ajokauden avajaiset ja\u00a0V\u00e4rikuulasota 10.4.2010<\/li>\n<li>Pilkkikisat 7.3.2010<\/li>\n<li>Lahden MP-n\u00e4yttely 6.2.2010<\/li>\n<li>Vuosikokous 9.1.2010<\/li>\n<\/ul>\n<h5>Tapahtumia vuonna 2009<\/h5>\n<ul>\n<li>Pikkujoulut 5.12.2009<\/li>\n<li>Ajokauden p\u00e4\u00e4tt\u00e4j\u00e4iset 3.10.2009<\/li>\n<li>Kes\u00e4retki Alah\u00e4rm\u00e4\u00e4n 5-7.6.2009<\/li>\n<li>Monttup\u00e4iv\u00e4 23.5.2009<\/li>\n<li>Ruosteenpoisto 2.5.2009<\/li>\n<\/ul>\n<p>&nbsp;<\/p>\n","protected":false},"excerpt":{"rendered":"<p>Huittisten Moottoripy\u00f6r\u00e4ilij\u00e4t ry. j\u00e4rjest\u00e4\u00e4 toimintaa ymp\u00e4ri vuoden niin ajokaudella kuin sen ulkopuolellakin. Alla yhdistyksen menneit\u00e4 tapahtumia viime vuosilta. Tapahtumia vuonna 2024 2.2.2024 Messureissu MP 24 moottoripy\u00f6r\u00e4messuille. Tapahtumia vuonna 2023 25.11.2023&hellip; <a class=\"read-more\" href=\"https:\/\/www.huittmp.com\/sivut\/valokuvia-tapahtumista\/menneet-tapahtumat\/\" title=\"Menneet tapahtumat\"><i class=\"fa fa-arrow-right\"><\/i><\/a><\/p>\n","protected":false},"author":1,"featured_media":0,"parent":12,"menu_order":4,"comment_status":"closed","ping_status":"closed","template":"","meta":{"footnotes":""},"yoast_head":"<!-- This site is optimized with the Yoast SEO plugin v21.9.1 - https:\/\/yoast.com\/wordpress\/plugins\/seo\/ -->\n<title>Menneet tapahtumat - HUITTISTEN MOOTTORIPY\u00d6R\u00c4ILIJ\u00c4T RY.<\/title>\n<meta name=\"robots\" content=\"index, follow, max-snippet:-1, max-image-preview:large, max-video-preview:-1\" \/>\n<link rel=\"canonical\" href=\"https:\/\/www.huittmp.com\/sivut\/valokuvia-tapahtumista\/menneet-tapahtumat\/\" \/>\n<meta property=\"og:locale\" content=\"fi_FI\" \/>\n<meta property=\"og:type\" content=\"article\" \/>\n<meta property=\"og:title\" content=\"Menneet tapahtumat - HUITTISTEN MOOTTORIPY\u00d6R\u00c4ILIJ\u00c4T RY.\" \/>\n<meta property=\"og:description\" content=\"Huittisten Moottoripy\u00f6r\u00e4ilij\u00e4t ry. j\u00e4rjest\u00e4\u00e4 toimintaa ymp\u00e4ri vuoden niin ajokaudella kuin sen ulkopuolellakin. Alla yhdistyksen menneit\u00e4 tapahtumia viime vuosilta. Tapahtumia vuonna 2024 2.2.2024 Messureissu MP 24 moottoripy\u00f6r\u00e4messuille. Tapahtumia vuonna 2023 25.11.2023&hellip;\" \/>\n<meta property=\"og:url\" content=\"https:\/\/www.huittmp.com\/sivut\/valokuvia-tapahtumista\/menneet-tapahtumat\/\" \/>\n<meta property=\"og:site_name\" content=\"HUITTISTEN MOOTTORIPY\u00d6R\u00c4ILIJ\u00c4T RY.\" \/>\n<meta property=\"article:modified_time\" content=\"2024-02-05T14:04:10+00:00\" \/>\n<meta property=\"og:image\" content=\"https:\/\/www.huittmp.com\/sivut\/wp-content\/uploads\/2017\/03\/slite8.jpg\" \/>\n\t<meta property=\"og:image:width\" content=\"1018\" \/>\n\t<meta property=\"og:image:height\" content=\"480\" \/>\n\t<meta property=\"og:image:type\" content=\"image\/jpeg\" \/>\n<meta name=\"twitter:card\" content=\"summary_large_image\" \/>\n<meta name=\"twitter:label1\" content=\"Arvioitu lukuaika\" \/>\n\t<meta name=\"twitter:data1\" content=\"3 minuuttia\" \/>\n<script type=\"application\/ld+json\" class=\"yoast-schema-graph\">{\"@context\":\"https:\/\/schema.org\",\"@graph\":[{\"@type\":\"WebPage\",\"@id\":\"https:\/\/www.huittmp.com\/sivut\/valokuvia-tapahtumista\/menneet-tapahtumat\/\",\"url\":\"https:\/\/www.huittmp.com\/sivut\/valokuvia-tapahtumista\/menneet-tapahtumat\/\",\"name\":\"Menneet tapahtumat - HUITTISTEN MOOTTORIPY\u00d6R\u00c4ILIJ\u00c4T RY.\",\"isPartOf\":{\"@id\":\"https:\/\/www.huittmp.com\/sivut\/#website\"},\"datePublished\":\"2015-02-05T15:20:51+00:00\",\"dateModified\":\"2024-02-05T14:04:10+00:00\",\"breadcrumb\":{\"@id\":\"https:\/\/www.huittmp.com\/sivut\/valokuvia-tapahtumista\/menneet-tapahtumat\/#breadcrumb\"},\"inLanguage\":\"fi\",\"potentialAction\":[{\"@type\":\"ReadAction\",\"target\":[\"https:\/\/www.huittmp.com\/sivut\/valokuvia-tapahtumista\/menneet-tapahtumat\/\"]}]},{\"@type\":\"BreadcrumbList\",\"@id\":\"https:\/\/www.huittmp.com\/sivut\/valokuvia-tapahtumista\/menneet-tapahtumat\/#breadcrumb\",\"itemListElement\":[{\"@type\":\"ListItem\",\"position\":1,\"name\":\"Home\",\"item\":\"https:\/\/www.huittmp.com\/sivut\/\"},{\"@type\":\"ListItem\",\"position\":2,\"name\":\"Tapahtumat ja toiminta\",\"item\":\"https:\/\/www.huittmp.com\/sivut\/valokuvia-tapahtumista\/\"},{\"@type\":\"ListItem\",\"position\":3,\"name\":\"Menneet tapahtumat\"}]},{\"@type\":\"WebSite\",\"@id\":\"https:\/\/www.huittmp.com\/sivut\/#website\",\"url\":\"https:\/\/www.huittmp.com\/sivut\/\",\"name\":\"HUITTISTEN MOOTTORIPY\u00d6R\u00c4ILIJ\u00c4T RY.\",\"description\":\"Moottoripy\u00f6r\u00e4ily\u00e4 vuodesta 1979\",\"potentialAction\":[{\"@type\":\"SearchAction\",\"target\":{\"@type\":\"EntryPoint\",\"urlTemplate\":\"https:\/\/www.huittmp.com\/sivut\/?s={search_term_string}\"},\"query-input\":\"required name=search_term_string\"}],\"inLanguage\":\"fi\"}]}<\/script>\n<!-- \/ Yoast SEO plugin. -->","yoast_head_json":{"title":"Menneet tapahtumat - HUITTISTEN MOOTTORIPY\u00d6R\u00c4ILIJ\u00c4T RY.","robots":{"index":"index","follow":"follow","max-snippet":"max-snippet:-1","max-image-preview":"max-image-preview:large","max-video-preview":"max-video-preview:-1"},"canonical":"https:\/\/www.huittmp.com\/sivut\/valokuvia-tapahtumista\/menneet-tapahtumat\/","og_locale":"fi_FI","og_type":"article","og_title":"Menneet tapahtumat - HUITTISTEN MOOTTORIPY\u00d6R\u00c4ILIJ\u00c4T RY.","og_description":"Huittisten Moottoripy\u00f6r\u00e4ilij\u00e4t ry. j\u00e4rjest\u00e4\u00e4 toimintaa ymp\u00e4ri vuoden niin ajokaudella kuin sen ulkopuolellakin. Alla yhdistyksen menneit\u00e4 tapahtumia viime vuosilta. Tapahtumia vuonna 2024 2.2.2024 Messureissu MP 24 moottoripy\u00f6r\u00e4messuille. Tapahtumia vuonna 2023 25.11.2023&hellip;","og_url":"https:\/\/www.huittmp.com\/sivut\/valokuvia-tapahtumista\/menneet-tapahtumat\/","og_site_name":"HUITTISTEN MOOTTORIPY\u00d6R\u00c4ILIJ\u00c4T RY.","article_modified_time":"2024-02-05T14:04:10+00:00","og_image":[{"width":1018,"height":480,"url":"https:\/\/www.huittmp.com\/sivut\/wp-content\/uploads\/2017\/03\/slite8.jpg","type":"image\/jpeg"}],"twitter_card":"summary_large_image","twitter_misc":{"Arvioitu lukuaika":"3 minuuttia"},"schema":{"@context":"https:\/\/schema.org","@graph":[{"@type":"WebPage","@id":"https:\/\/www.huittmp.com\/sivut\/valokuvia-tapahtumista\/menneet-tapahtumat\/","url":"https:\/\/www.huittmp.com\/sivut\/valokuvia-tapahtumista\/menneet-tapahtumat\/","name":"Menneet tapahtumat - HUITTISTEN MOOTTORIPY\u00d6R\u00c4ILIJ\u00c4T RY.","isPartOf":{"@id":"https:\/\/www.huittmp.com\/sivut\/#website"},"datePublished":"2015-02-05T15:20:51+00:00","dateModified":"2024-02-05T14:04:10+00:00","breadcrumb":{"@id":"https:\/\/www.huittmp.com\/sivut\/valokuvia-tapahtumista\/menneet-tapahtumat\/#breadcrumb"},"inLanguage":"fi","potentialAction":[{"@type":"ReadAction","target":["https:\/\/www.huittmp.com\/sivut\/valokuvia-tapahtumista\/menneet-tapahtumat\/"]}]},{"@type":"BreadcrumbList","@id":"https:\/\/www.huittmp.com\/sivut\/valokuvia-tapahtumista\/menneet-tapahtumat\/#breadcrumb","itemListElement":[{"@type":"ListItem","position":1,"name":"Home","item":"https:\/\/www.huittmp.com\/sivut\/"},{"@type":"ListItem","position":2,"name":"Tapahtumat ja toiminta","item":"https:\/\/www.huittmp.com\/sivut\/valokuvia-tapahtumista\/"},{"@type":"ListItem","position":3,"name":"Menneet tapahtumat"}]},{"@type":"WebSite","@id":"https:\/\/www.huittmp.com\/sivut\/#website","url":"https:\/\/www.huittmp.com\/sivut\/","name":"HUITTISTEN MOOTTORIPY\u00d6R\u00c4ILIJ\u00c4T RY.","description":"Moottoripy\u00f6r\u00e4ily\u00e4 vuodesta 1979","potentialAction":[{"@type":"SearchAction","target":{"@type":"EntryPoint","urlTemplate":"https:\/\/www.huittmp.com\/sivut\/?s={search_term_string}"},"query-input":"required name=search_term_string"}],"inLanguage":"fi"}]}},"_links":{"self":[{"href":"https:\/\/www.huittmp.com\/sivut\/wp-json\/wp\/v2\/pages\/222"}],"collection":[{"href":"https:\/\/www.huittmp.com\/sivut\/wp-json\/wp\/v2\/pages"}],"about":[{"href":"https:\/\/www.huittmp.com\/sivut\/wp-json\/wp\/v2\/types\/page"}],"author":[{"embeddable":true,"href":"https:\/\/www.huittmp.com\/sivut\/wp-json\/wp\/v2\/users\/1"}],"replies":[{"embeddable":true,"href":"https:\/\/www.huittmp.com\/sivut\/wp-json\/wp\/v2\/comments?post=222"}],"version-history":[{"count":86,"href":"https:\/\/www.huittmp.com\/sivut\/wp-json\/wp\/v2\/pages\/222\/revisions"}],"predecessor-version":[{"id":3942,"href":"https:\/\/www.huittmp.com\/sivut\/wp-json\/wp\/v2\/pages\/222\/revisions\/3942"}],"up":[{"embeddable":true,"href":"https:\/\/www.huittmp.com\/sivut\/wp-json\/wp\/v2\/pages\/12"}],"wp:attachment":[{"href":"https:\/\/www.huittmp.com\/sivut\/wp-json\/wp\/v2\/media?parent=222"}],"curies":[{"name":"wp","href":"https:\/\/api.w.org\/{rel}","templated":true}]}}